{"id":1135,"date":"2015-11-10T14:34:14","date_gmt":"2015-11-10T13:34:14","guid":{"rendered":"http:\/\/cityhotel.prodweb.pl\/de\/?page_id=1135"},"modified":"2025-04-25T09:19:12","modified_gmt":"2025-04-25T07:19:12","slug":"fruhstuck","status":"publish","type":"page","link":"https:\/\/www.city-hotel.pl\/de\/fruhstuck\/","title":{"rendered":"Fr\u00fchst\u00fcck"},"content":{"rendered":"<p style=\"text-align: justify\">Es gibt nichts Besseres als den Tag mit einem leckeren Fr\u00fchst\u00fcck zu beginnen. Wir m\u00f6chten, dass unsere G\u00e4ste mit Energie und einer guten Einstellung in den neuen Tag starten, darum bereiten wir t\u00e4glich \u00fcber einhundert qualitativ hochwertiger Produkte in Form eines Fr\u00fchst\u00fcckb\u00fcfetts vor.<\/p>\n<p style=\"text-align: justify\"><strong>Das Fr\u00fchst\u00fcck wird in unserem Restaurant 3V6 von 7:00-10:00 Uhr serviert.<\/strong> Auf speziellen Wunsch unserer G\u00e4ste servieren wir <strong>das Fr\u00fchst\u00fcck auf das Zimmer und f\u00fcr G\u00e4ste<\/strong>, die das Hotel fr\u00fcher verlassen gibt es <strong>ein Fr\u00fchst\u00fcckspaket<\/strong> zum Mitnehmen. <strong>Preis: 65 PLN\/Pers.<\/strong><\/p>\n<p style=\"text-align: left\"><strong>Sp\u00e4tes Fr\u00fchst\u00fcck<\/strong> ist von 10:00 bis 12:00 Uhr zu einem Preis von 35 PLN *\/Person m\u00f6glich.<br \/>\nWir bieten an:<\/p>\n<ul style=\"text-align: left\">\n<li>Spiegeleier mit Speck<\/li>\n<li>Omelett mit Beilagen<\/li>\n<li>Shakshuka<\/li>\n<\/ul>\n<p style=\"text-align: left\">*ein Gericht mit 3 Eiern und Brot.<\/p>\n<p>&nbsp;<\/p>\n","protected":false},"excerpt":{"rendered":"<p style=\"text-align: justify\">Es gibt nichts Besseres als den Tag mit einem leckeren Fr\u00fchst\u00fcck zu beginnen. Wir m\u00f6chten, dass unsere G\u00e4ste mit Energie und einer guten Einstellung in den neuen Tag starten, darum bereiten wir t\u00e4glich \u00fcber einhundert qualitativ hochwertiger Produkte in Form eines Fr\u00fchst\u00fcckb\u00fcfetts vor.<\/p>\n<p style=\"text-align: justify\">Das Fr\u00fchst\u00fcck wird in unserem Restaurant 3V6 von 7:00-10:00 Uhr serviert.<\/p>\n","protected":false},"author":1,"featured_media":0,"parent":0,"menu_order":0,"comment_status":"closed","ping_status":"closed","template":"template-breakfast.php","meta":{"_acf_changed":false,"footnotes":""},"class_list":["post-1135","page","type-page","status-publish","hentry"],"acf":[],"yoast_head":"<!-- This site is optimized with the Yoast SEO plugin v27.3 - https:\/\/yoast.com\/product\/yoast-seo-wordpress\/ -->\n<title>Fr\u00fchst\u00fcck - City Hotel Bydgoszcz - Startseite<\/title>\n<meta name=\"robots\" content=\"index, follow, max-snippet:-1, max-image-preview:large, max-video-preview:-1\" \/>\n<link rel=\"canonical\" href=\"https:\/\/www.city-hotel.pl\/de\/fruhstuck\/\" \/>\n<meta property=\"og:locale\" content=\"de_DE\" \/>\n<meta property=\"og:type\" content=\"article\" \/>\n<meta property=\"og:title\" content=\"Fr\u00fchst\u00fcck - City Hotel Bydgoszcz - Startseite\" \/>\n<meta property=\"og:description\" content=\"Es gibt nichts Besseres als den Tag mit einem leckeren Fr\u00fchst\u00fcck zu beginnen. Wir m\u00f6chten, dass unsere G\u00e4ste mit Energie und einer guten Einstellung in den neuen Tag starten, darum bereiten wir t\u00e4glich \u00fcber einhundert qualitativ hochwertiger Produkte in Form eines Fr\u00fchst\u00fcckb\u00fcfetts vor. Das Fr\u00fchst\u00fcck wird in unserem Restaurant 3V6 von 7:00-10:00 Uhr serviert.\" \/>\n<meta property=\"og:url\" content=\"https:\/\/www.city-hotel.pl\/de\/fruhstuck\/\" \/>\n<meta property=\"og:site_name\" content=\"City Hotel Bydgoszcz - Startseite\" \/>\n<meta property=\"article:modified_time\" content=\"2025-04-25T07:19:12+00:00\" \/>\n<meta name=\"twitter:card\" content=\"summary_large_image\" \/>\n<meta name=\"twitter:label1\" content=\"Gesch\u00e4tzte Lesezeit\" \/>\n\t<meta name=\"twitter:data1\" content=\"1\u00a0Minute\" \/>\n<script type=\"application\/ld+json\" class=\"yoast-schema-graph\">{\"@context\":\"https:\\\/\\\/schema.org\",\"@graph\":[{\"@type\":\"WebPage\",\"@id\":\"https:\\\/\\\/www.city-hotel.pl\\\/de\\\/fruhstuck\\\/\",\"url\":\"https:\\\/\\\/www.city-hotel.pl\\\/de\\\/fruhstuck\\\/\",\"name\":\"Fr\u00fchst\u00fcck - City Hotel Bydgoszcz - Startseite\",\"isPartOf\":{\"@id\":\"https:\\\/\\\/www.city-hotel.pl\\\/de\\\/#website\"},\"datePublished\":\"2015-11-10T13:34:14+00:00\",\"dateModified\":\"2025-04-25T07:19:12+00:00\",\"breadcrumb\":{\"@id\":\"https:\\\/\\\/www.city-hotel.pl\\\/de\\\/fruhstuck\\\/#breadcrumb\"},\"inLanguage\":\"de\",\"potentialAction\":[{\"@type\":\"ReadAction\",\"target\":[\"https:\\\/\\\/www.city-hotel.pl\\\/de\\\/fruhstuck\\\/\"]}]},{\"@type\":\"BreadcrumbList\",\"@id\":\"https:\\\/\\\/www.city-hotel.pl\\\/de\\\/fruhstuck\\\/#breadcrumb\",\"itemListElement\":[{\"@type\":\"ListItem\",\"position\":1,\"name\":\"Strona g\u0142\u00f3wna\",\"item\":\"https:\\\/\\\/www.city-hotel.pl\\\/de\\\/\"},{\"@type\":\"ListItem\",\"position\":2,\"name\":\"Fr\u00fchst\u00fcck\",\"item\":\"https:\\\/\\\/www.city-hotel.pl\\\/de\\\/wp-json\\\/wp\\\/v2\\\/pages\\\/1135\"}]},{\"@type\":\"WebSite\",\"@id\":\"https:\\\/\\\/www.city-hotel.pl\\\/de\\\/#website\",\"url\":\"https:\\\/\\\/www.city-hotel.pl\\\/de\\\/\",\"name\":\"City Hotel Bydgoszcz - Startseite\",\"description\":\"\",\"potentialAction\":[{\"@type\":\"SearchAction\",\"target\":{\"@type\":\"EntryPoint\",\"urlTemplate\":\"https:\\\/\\\/www.city-hotel.pl\\\/de\\\/?s={search_term_string}\"},\"query-input\":{\"@type\":\"PropertyValueSpecification\",\"valueRequired\":true,\"valueName\":\"search_term_string\"}}],\"inLanguage\":\"de\"}]}<\/script>\n<!-- \/ Yoast SEO plugin. -->","yoast_head_json":{"title":"Fr\u00fchst\u00fcck - City Hotel Bydgoszcz - Startseite","robots":{"index":"index","follow":"follow","max-snippet":"max-snippet:-1","max-image-preview":"max-image-preview:large","max-video-preview":"max-video-preview:-1"},"canonical":"https:\/\/www.city-hotel.pl\/de\/fruhstuck\/","og_locale":"de_DE","og_type":"article","og_title":"Fr\u00fchst\u00fcck - City Hotel Bydgoszcz - Startseite","og_description":"Es gibt nichts Besseres als den Tag mit einem leckeren Fr\u00fchst\u00fcck zu beginnen. Wir m\u00f6chten, dass unsere G\u00e4ste mit Energie und einer guten Einstellung in den neuen Tag starten, darum bereiten wir t\u00e4glich \u00fcber einhundert qualitativ hochwertiger Produkte in Form eines Fr\u00fchst\u00fcckb\u00fcfetts vor. Das Fr\u00fchst\u00fcck wird in unserem Restaurant 3V6 von 7:00-10:00 Uhr serviert.","og_url":"https:\/\/www.city-hotel.pl\/de\/fruhstuck\/","og_site_name":"City Hotel Bydgoszcz - Startseite","article_modified_time":"2025-04-25T07:19:12+00:00","twitter_card":"summary_large_image","twitter_misc":{"Gesch\u00e4tzte Lesezeit":"1\u00a0Minute"},"schema":{"@context":"https:\/\/schema.org","@graph":[{"@type":"WebPage","@id":"https:\/\/www.city-hotel.pl\/de\/fruhstuck\/","url":"https:\/\/www.city-hotel.pl\/de\/fruhstuck\/","name":"Fr\u00fchst\u00fcck - City Hotel Bydgoszcz - Startseite","isPartOf":{"@id":"https:\/\/www.city-hotel.pl\/de\/#website"},"datePublished":"2015-11-10T13:34:14+00:00","dateModified":"2025-04-25T07:19:12+00:00","breadcrumb":{"@id":"https:\/\/www.city-hotel.pl\/de\/fruhstuck\/#breadcrumb"},"inLanguage":"de","potentialAction":[{"@type":"ReadAction","target":["https:\/\/www.city-hotel.pl\/de\/fruhstuck\/"]}]},{"@type":"BreadcrumbList","@id":"https:\/\/www.city-hotel.pl\/de\/fruhstuck\/#breadcrumb","itemListElement":[{"@type":"ListItem","position":1,"name":"Strona g\u0142\u00f3wna","item":"https:\/\/www.city-hotel.pl\/de\/"},{"@type":"ListItem","position":2,"name":"Fr\u00fchst\u00fcck","item":"https:\/\/www.city-hotel.pl\/de\/wp-json\/wp\/v2\/pages\/1135"}]},{"@type":"WebSite","@id":"https:\/\/www.city-hotel.pl\/de\/#website","url":"https:\/\/www.city-hotel.pl\/de\/","name":"City Hotel Bydgoszcz - Startseite","description":"","potentialAction":[{"@type":"SearchAction","target":{"@type":"EntryPoint","urlTemplate":"https:\/\/www.city-hotel.pl\/de\/?s={search_term_string}"},"query-input":{"@type":"PropertyValueSpecification","valueRequired":true,"valueName":"search_term_string"}}],"inLanguage":"de"}]}},"_links":{"self":[{"href":"https:\/\/www.city-hotel.pl\/de\/wp-json\/wp\/v2\/pages\/1135","targetHints":{"allow":["GET"]}}],"collection":[{"href":"https:\/\/www.city-hotel.pl\/de\/wp-json\/wp\/v2\/pages"}],"about":[{"href":"https:\/\/www.city-hotel.pl\/de\/wp-json\/wp\/v2\/types\/page"}],"author":[{"embeddable":true,"href":"https:\/\/www.city-hotel.pl\/de\/wp-json\/wp\/v2\/users\/1"}],"replies":[{"embeddable":true,"href":"https:\/\/www.city-hotel.pl\/de\/wp-json\/wp\/v2\/comments?post=1135"}],"version-history":[{"count":34,"href":"https:\/\/www.city-hotel.pl\/de\/wp-json\/wp\/v2\/pages\/1135\/revisions"}],"predecessor-version":[{"id":4900,"href":"https:\/\/www.city-hotel.pl\/de\/wp-json\/wp\/v2\/pages\/1135\/revisions\/4900"}],"wp:attachment":[{"href":"https:\/\/www.city-hotel.pl\/de\/wp-json\/wp\/v2\/media?parent=1135"}],"curies":[{"name":"wp","href":"https:\/\/api.w.org\/{rel}","templated":true}]}}