{"id":1224,"date":"2015-11-11T15:19:39","date_gmt":"2015-11-11T14:19:39","guid":{"rendered":"http:\/\/cityhotel.prodweb.pl\/de\/?page_id=1224"},"modified":"2026-02-19T10:40:45","modified_gmt":"2026-02-19T09:40:45","slug":"menu","status":"publish","type":"page","link":"https:\/\/www.city-hotel.pl\/de\/menu\/","title":{"rendered":"Men\u00fckarte"},"content":{"rendered":"<p>Gerichte in diesem Menu k\u00f6nnen geringe Mengen von N\u00fcssen, Milch und andere Produkte, die Allergene enthalten.<br \/>\nWenn Sie allergisch auf ausgew\u00e4hlten Produkten interessiert sind, informieren Sie bitte den Service.<\/p>\n","protected":false},"excerpt":{"rendered":"<p>Gerichte in diesem Menu k\u00f6nnen geringe Mengen von N\u00fcssen, Milch und andere Produkte, die Allergene enthalten.<br \/>\nWenn Sie allergisch auf ausgew\u00e4hlten Produkten interessiert sind, informieren Sie bitte den Service.<\/p>\n","protected":false},"author":1,"featured_media":0,"parent":0,"menu_order":0,"comment_status":"closed","ping_status":"closed","template":"template-menu.php","meta":{"_acf_changed":false,"footnotes":""},"class_list":["post-1224","page","type-page","status-publish","hentry"],"acf":[],"yoast_head":"<!-- This site is optimized with the Yoast SEO plugin v27.3 - https:\/\/yoast.com\/product\/yoast-seo-wordpress\/ -->\n<title>Men\u00fckarte - City Hotel Bydgoszcz - Startseite<\/title>\n<meta name=\"robots\" content=\"index, follow, max-snippet:-1, max-image-preview:large, max-video-preview:-1\" \/>\n<link rel=\"canonical\" href=\"https:\/\/www.city-hotel.pl\/de\/menu\/\" \/>\n<meta property=\"og:locale\" content=\"de_DE\" \/>\n<meta property=\"og:type\" content=\"article\" \/>\n<meta property=\"og:title\" content=\"Men\u00fckarte - City Hotel Bydgoszcz - Startseite\" \/>\n<meta property=\"og:description\" content=\"Gerichte in diesem Menu k\u00f6nnen geringe Mengen von N\u00fcssen, Milch und andere Produkte, die Allergene enthalten. Wenn Sie allergisch auf ausgew\u00e4hlten Produkten interessiert sind, informieren Sie bitte den Service.\" \/>\n<meta property=\"og:url\" content=\"https:\/\/www.city-hotel.pl\/de\/menu\/\" \/>\n<meta property=\"og:site_name\" content=\"City Hotel Bydgoszcz - Startseite\" \/>\n<meta property=\"article:modified_time\" content=\"2026-02-19T09:40:45+00:00\" \/>\n<meta name=\"twitter:card\" content=\"summary_large_image\" \/>\n<meta name=\"twitter:label1\" content=\"Gesch\u00e4tzte Lesezeit\" \/>\n\t<meta name=\"twitter:data1\" content=\"1\u00a0Minute\" \/>\n<script type=\"application\/ld+json\" class=\"yoast-schema-graph\">{\"@context\":\"https:\\\/\\\/schema.org\",\"@graph\":[{\"@type\":\"WebPage\",\"@id\":\"https:\\\/\\\/www.city-hotel.pl\\\/de\\\/menu\\\/\",\"url\":\"https:\\\/\\\/www.city-hotel.pl\\\/de\\\/menu\\\/\",\"name\":\"Men\u00fckarte - City Hotel Bydgoszcz - Startseite\",\"isPartOf\":{\"@id\":\"https:\\\/\\\/www.city-hotel.pl\\\/de\\\/#website\"},\"datePublished\":\"2015-11-11T14:19:39+00:00\",\"dateModified\":\"2026-02-19T09:40:45+00:00\",\"breadcrumb\":{\"@id\":\"https:\\\/\\\/www.city-hotel.pl\\\/de\\\/menu\\\/#breadcrumb\"},\"inLanguage\":\"de\",\"potentialAction\":[{\"@type\":\"ReadAction\",\"target\":[\"https:\\\/\\\/www.city-hotel.pl\\\/de\\\/menu\\\/\"]}]},{\"@type\":\"BreadcrumbList\",\"@id\":\"https:\\\/\\\/www.city-hotel.pl\\\/de\\\/menu\\\/#breadcrumb\",\"itemListElement\":[{\"@type\":\"ListItem\",\"position\":1,\"name\":\"Strona g\u0142\u00f3wna\",\"item\":\"https:\\\/\\\/www.city-hotel.pl\\\/de\\\/\"},{\"@type\":\"ListItem\",\"position\":2,\"name\":\"Men\u00fckarte\",\"item\":\"https:\\\/\\\/www.city-hotel.pl\\\/de\\\/wp-json\\\/wp\\\/v2\\\/pages\\\/1224\"}]},{\"@type\":\"WebSite\",\"@id\":\"https:\\\/\\\/www.city-hotel.pl\\\/de\\\/#website\",\"url\":\"https:\\\/\\\/www.city-hotel.pl\\\/de\\\/\",\"name\":\"City Hotel Bydgoszcz - Startseite\",\"description\":\"\",\"potentialAction\":[{\"@type\":\"SearchAction\",\"target\":{\"@type\":\"EntryPoint\",\"urlTemplate\":\"https:\\\/\\\/www.city-hotel.pl\\\/de\\\/?s={search_term_string}\"},\"query-input\":{\"@type\":\"PropertyValueSpecification\",\"valueRequired\":true,\"valueName\":\"search_term_string\"}}],\"inLanguage\":\"de\"}]}<\/script>\n<!-- \/ Yoast SEO plugin. -->","yoast_head_json":{"title":"Men\u00fckarte - City Hotel Bydgoszcz - Startseite","robots":{"index":"index","follow":"follow","max-snippet":"max-snippet:-1","max-image-preview":"max-image-preview:large","max-video-preview":"max-video-preview:-1"},"canonical":"https:\/\/www.city-hotel.pl\/de\/menu\/","og_locale":"de_DE","og_type":"article","og_title":"Men\u00fckarte - City Hotel Bydgoszcz - Startseite","og_description":"Gerichte in diesem Menu k\u00f6nnen geringe Mengen von N\u00fcssen, Milch und andere Produkte, die Allergene enthalten. Wenn Sie allergisch auf ausgew\u00e4hlten Produkten interessiert sind, informieren Sie bitte den Service.","og_url":"https:\/\/www.city-hotel.pl\/de\/menu\/","og_site_name":"City Hotel Bydgoszcz - Startseite","article_modified_time":"2026-02-19T09:40:45+00:00","twitter_card":"summary_large_image","twitter_misc":{"Gesch\u00e4tzte Lesezeit":"1\u00a0Minute"},"schema":{"@context":"https:\/\/schema.org","@graph":[{"@type":"WebPage","@id":"https:\/\/www.city-hotel.pl\/de\/menu\/","url":"https:\/\/www.city-hotel.pl\/de\/menu\/","name":"Men\u00fckarte - City Hotel Bydgoszcz - Startseite","isPartOf":{"@id":"https:\/\/www.city-hotel.pl\/de\/#website"},"datePublished":"2015-11-11T14:19:39+00:00","dateModified":"2026-02-19T09:40:45+00:00","breadcrumb":{"@id":"https:\/\/www.city-hotel.pl\/de\/menu\/#breadcrumb"},"inLanguage":"de","potentialAction":[{"@type":"ReadAction","target":["https:\/\/www.city-hotel.pl\/de\/menu\/"]}]},{"@type":"BreadcrumbList","@id":"https:\/\/www.city-hotel.pl\/de\/menu\/#breadcrumb","itemListElement":[{"@type":"ListItem","position":1,"name":"Strona g\u0142\u00f3wna","item":"https:\/\/www.city-hotel.pl\/de\/"},{"@type":"ListItem","position":2,"name":"Men\u00fckarte","item":"https:\/\/www.city-hotel.pl\/de\/wp-json\/wp\/v2\/pages\/1224"}]},{"@type":"WebSite","@id":"https:\/\/www.city-hotel.pl\/de\/#website","url":"https:\/\/www.city-hotel.pl\/de\/","name":"City Hotel Bydgoszcz - Startseite","description":"","potentialAction":[{"@type":"SearchAction","target":{"@type":"EntryPoint","urlTemplate":"https:\/\/www.city-hotel.pl\/de\/?s={search_term_string}"},"query-input":{"@type":"PropertyValueSpecification","valueRequired":true,"valueName":"search_term_string"}}],"inLanguage":"de"}]}},"_links":{"self":[{"href":"https:\/\/www.city-hotel.pl\/de\/wp-json\/wp\/v2\/pages\/1224","targetHints":{"allow":["GET"]}}],"collection":[{"href":"https:\/\/www.city-hotel.pl\/de\/wp-json\/wp\/v2\/pages"}],"about":[{"href":"https:\/\/www.city-hotel.pl\/de\/wp-json\/wp\/v2\/types\/page"}],"author":[{"embeddable":true,"href":"https:\/\/www.city-hotel.pl\/de\/wp-json\/wp\/v2\/users\/1"}],"replies":[{"embeddable":true,"href":"https:\/\/www.city-hotel.pl\/de\/wp-json\/wp\/v2\/comments?post=1224"}],"version-history":[{"count":117,"href":"https:\/\/www.city-hotel.pl\/de\/wp-json\/wp\/v2\/pages\/1224\/revisions"}],"predecessor-version":[{"id":5044,"href":"https:\/\/www.city-hotel.pl\/de\/wp-json\/wp\/v2\/pages\/1224\/revisions\/5044"}],"wp:attachment":[{"href":"https:\/\/www.city-hotel.pl\/de\/wp-json\/wp\/v2\/media?parent=1224"}],"curies":[{"name":"wp","href":"https:\/\/api.w.org\/{rel}","templated":true}]}}