{"id":1301,"date":"2015-11-12T14:24:22","date_gmt":"2015-11-12T13:24:22","guid":{"rendered":"http:\/\/cityhotel.prodweb.pl\/de\/?page_id=1301"},"modified":"2025-12-04T15:01:27","modified_gmt":"2025-12-04T14:01:27","slug":"serviertes-menu","status":"publish","type":"page","link":"https:\/\/www.city-hotel.pl\/de\/konferenzmenu\/serviertes-menu\/","title":{"rendered":"KONFERENZMEN\u00dc|  VORSCHL\u00c4GE SERVIERTER GERICHTE"},"content":{"rendered":"<h4>Wir bieten mehrere Varianten von servierten Men\u00fcs. Je nach Ihren W\u00fcnschen kann sich die Mahlzeit aus einem,<br \/>\nzwei oder drei G\u00e4ngen zusammensetzen.<\/h4>\n","protected":false},"excerpt":{"rendered":"<p>Wir bieten mehrere Varianten von servierten Men\u00fcs. Je nach Ihren W\u00fcnschen kann sich die Mahlzeit aus einem,<br \/>\nzwei oder drei G\u00e4ngen zusammensetzen.<\/p>\n","protected":false},"author":1,"featured_media":0,"parent":1307,"menu_order":0,"comment_status":"closed","ping_status":"closed","template":"template-menu-two-columns.php","meta":{"_acf_changed":false,"footnotes":""},"class_list":["post-1301","page","type-page","status-publish","hentry"],"acf":[],"yoast_head":"<!-- This site is optimized with the Yoast SEO plugin v27.3 - https:\/\/yoast.com\/product\/yoast-seo-wordpress\/ -->\n<title>KONFERENZMEN\u00dc| VORSCHL\u00c4GE SERVIERTER GERICHTE - City Hotel Bydgoszcz - Startseite<\/title>\n<meta name=\"robots\" content=\"index, follow, max-snippet:-1, max-image-preview:large, max-video-preview:-1\" \/>\n<link rel=\"canonical\" href=\"https:\/\/www.city-hotel.pl\/de\/konferenzmenu\/serviertes-menu\/\" \/>\n<meta property=\"og:locale\" content=\"de_DE\" \/>\n<meta property=\"og:type\" content=\"article\" \/>\n<meta property=\"og:title\" content=\"KONFERENZMEN\u00dc| VORSCHL\u00c4GE SERVIERTER GERICHTE - City Hotel Bydgoszcz - Startseite\" \/>\n<meta property=\"og:description\" content=\"Wir bieten mehrere Varianten von servierten Men\u00fcs. Je nach Ihren W\u00fcnschen kann sich die Mahlzeit aus einem, zwei oder drei G\u00e4ngen zusammensetzen.\" \/>\n<meta property=\"og:url\" content=\"https:\/\/www.city-hotel.pl\/de\/konferenzmenu\/serviertes-menu\/\" \/>\n<meta property=\"og:site_name\" content=\"City Hotel Bydgoszcz - Startseite\" \/>\n<meta property=\"article:modified_time\" content=\"2025-12-04T14:01:27+00:00\" \/>\n<meta name=\"twitter:card\" content=\"summary_large_image\" \/>\n<meta name=\"twitter:label1\" content=\"Gesch\u00e4tzte Lesezeit\" \/>\n\t<meta name=\"twitter:data1\" content=\"1\u00a0Minute\" \/>\n<script type=\"application\/ld+json\" class=\"yoast-schema-graph\">{\"@context\":\"https:\\\/\\\/schema.org\",\"@graph\":[{\"@type\":\"WebPage\",\"@id\":\"https:\\\/\\\/www.city-hotel.pl\\\/de\\\/konferenzmenu\\\/serviertes-menu\\\/\",\"url\":\"https:\\\/\\\/www.city-hotel.pl\\\/de\\\/konferenzmenu\\\/serviertes-menu\\\/\",\"name\":\"KONFERENZMEN\u00dc| VORSCHL\u00c4GE SERVIERTER GERICHTE - City Hotel Bydgoszcz - Startseite\",\"isPartOf\":{\"@id\":\"https:\\\/\\\/www.city-hotel.pl\\\/de\\\/#website\"},\"datePublished\":\"2015-11-12T13:24:22+00:00\",\"dateModified\":\"2025-12-04T14:01:27+00:00\",\"breadcrumb\":{\"@id\":\"https:\\\/\\\/www.city-hotel.pl\\\/de\\\/konferenzmenu\\\/serviertes-menu\\\/#breadcrumb\"},\"inLanguage\":\"de\",\"potentialAction\":[{\"@type\":\"ReadAction\",\"target\":[\"https:\\\/\\\/www.city-hotel.pl\\\/de\\\/konferenzmenu\\\/serviertes-menu\\\/\"]}]},{\"@type\":\"BreadcrumbList\",\"@id\":\"https:\\\/\\\/www.city-hotel.pl\\\/de\\\/konferenzmenu\\\/serviertes-menu\\\/#breadcrumb\",\"itemListElement\":[{\"@type\":\"ListItem\",\"position\":1,\"name\":\"Strona g\u0142\u00f3wna\",\"item\":\"https:\\\/\\\/www.city-hotel.pl\\\/de\\\/\"},{\"@type\":\"ListItem\",\"position\":2,\"name\":\"KONFERENZMEN\u00dc\",\"item\":\"https:\\\/\\\/www.city-hotel.pl\\\/de\\\/konferenzmenu\\\/\"},{\"@type\":\"ListItem\",\"position\":3,\"name\":\"KONFERENZMEN\u00dc| VORSCHL\u00c4GE SERVIERTER GERICHTE\",\"item\":\"https:\\\/\\\/www.city-hotel.pl\\\/de\\\/wp-json\\\/wp\\\/v2\\\/pages\\\/1301\"}]},{\"@type\":\"WebSite\",\"@id\":\"https:\\\/\\\/www.city-hotel.pl\\\/de\\\/#website\",\"url\":\"https:\\\/\\\/www.city-hotel.pl\\\/de\\\/\",\"name\":\"City Hotel Bydgoszcz - Startseite\",\"description\":\"\",\"potentialAction\":[{\"@type\":\"SearchAction\",\"target\":{\"@type\":\"EntryPoint\",\"urlTemplate\":\"https:\\\/\\\/www.city-hotel.pl\\\/de\\\/?s={search_term_string}\"},\"query-input\":{\"@type\":\"PropertyValueSpecification\",\"valueRequired\":true,\"valueName\":\"search_term_string\"}}],\"inLanguage\":\"de\"}]}<\/script>\n<!-- \/ Yoast SEO plugin. -->","yoast_head_json":{"title":"KONFERENZMEN\u00dc| VORSCHL\u00c4GE SERVIERTER GERICHTE - City Hotel Bydgoszcz - Startseite","robots":{"index":"index","follow":"follow","max-snippet":"max-snippet:-1","max-image-preview":"max-image-preview:large","max-video-preview":"max-video-preview:-1"},"canonical":"https:\/\/www.city-hotel.pl\/de\/konferenzmenu\/serviertes-menu\/","og_locale":"de_DE","og_type":"article","og_title":"KONFERENZMEN\u00dc| VORSCHL\u00c4GE SERVIERTER GERICHTE - City Hotel Bydgoszcz - Startseite","og_description":"Wir bieten mehrere Varianten von servierten Men\u00fcs. Je nach Ihren W\u00fcnschen kann sich die Mahlzeit aus einem, zwei oder drei G\u00e4ngen zusammensetzen.","og_url":"https:\/\/www.city-hotel.pl\/de\/konferenzmenu\/serviertes-menu\/","og_site_name":"City Hotel Bydgoszcz - Startseite","article_modified_time":"2025-12-04T14:01:27+00:00","twitter_card":"summary_large_image","twitter_misc":{"Gesch\u00e4tzte Lesezeit":"1\u00a0Minute"},"schema":{"@context":"https:\/\/schema.org","@graph":[{"@type":"WebPage","@id":"https:\/\/www.city-hotel.pl\/de\/konferenzmenu\/serviertes-menu\/","url":"https:\/\/www.city-hotel.pl\/de\/konferenzmenu\/serviertes-menu\/","name":"KONFERENZMEN\u00dc| VORSCHL\u00c4GE SERVIERTER GERICHTE - City Hotel Bydgoszcz - Startseite","isPartOf":{"@id":"https:\/\/www.city-hotel.pl\/de\/#website"},"datePublished":"2015-11-12T13:24:22+00:00","dateModified":"2025-12-04T14:01:27+00:00","breadcrumb":{"@id":"https:\/\/www.city-hotel.pl\/de\/konferenzmenu\/serviertes-menu\/#breadcrumb"},"inLanguage":"de","potentialAction":[{"@type":"ReadAction","target":["https:\/\/www.city-hotel.pl\/de\/konferenzmenu\/serviertes-menu\/"]}]},{"@type":"BreadcrumbList","@id":"https:\/\/www.city-hotel.pl\/de\/konferenzmenu\/serviertes-menu\/#breadcrumb","itemListElement":[{"@type":"ListItem","position":1,"name":"Strona g\u0142\u00f3wna","item":"https:\/\/www.city-hotel.pl\/de\/"},{"@type":"ListItem","position":2,"name":"KONFERENZMEN\u00dc","item":"https:\/\/www.city-hotel.pl\/de\/konferenzmenu\/"},{"@type":"ListItem","position":3,"name":"KONFERENZMEN\u00dc| VORSCHL\u00c4GE SERVIERTER GERICHTE","item":"https:\/\/www.city-hotel.pl\/de\/wp-json\/wp\/v2\/pages\/1301"}]},{"@type":"WebSite","@id":"https:\/\/www.city-hotel.pl\/de\/#website","url":"https:\/\/www.city-hotel.pl\/de\/","name":"City Hotel Bydgoszcz - Startseite","description":"","potentialAction":[{"@type":"SearchAction","target":{"@type":"EntryPoint","urlTemplate":"https:\/\/www.city-hotel.pl\/de\/?s={search_term_string}"},"query-input":{"@type":"PropertyValueSpecification","valueRequired":true,"valueName":"search_term_string"}}],"inLanguage":"de"}]}},"_links":{"self":[{"href":"https:\/\/www.city-hotel.pl\/de\/wp-json\/wp\/v2\/pages\/1301","targetHints":{"allow":["GET"]}}],"collection":[{"href":"https:\/\/www.city-hotel.pl\/de\/wp-json\/wp\/v2\/pages"}],"about":[{"href":"https:\/\/www.city-hotel.pl\/de\/wp-json\/wp\/v2\/types\/page"}],"author":[{"embeddable":true,"href":"https:\/\/www.city-hotel.pl\/de\/wp-json\/wp\/v2\/users\/1"}],"replies":[{"embeddable":true,"href":"https:\/\/www.city-hotel.pl\/de\/wp-json\/wp\/v2\/comments?post=1301"}],"version-history":[{"count":33,"href":"https:\/\/www.city-hotel.pl\/de\/wp-json\/wp\/v2\/pages\/1301\/revisions"}],"predecessor-version":[{"id":5021,"href":"https:\/\/www.city-hotel.pl\/de\/wp-json\/wp\/v2\/pages\/1301\/revisions\/5021"}],"up":[{"embeddable":true,"href":"https:\/\/www.city-hotel.pl\/de\/wp-json\/wp\/v2\/pages\/1307"}],"wp:attachment":[{"href":"https:\/\/www.city-hotel.pl\/de\/wp-json\/wp\/v2\/media?parent=1301"}],"curies":[{"name":"wp","href":"https:\/\/api.w.org\/{rel}","templated":true}]}}