{"id":1576,"date":"2015-11-17T21:51:05","date_gmt":"2015-11-17T20:51:05","guid":{"rendered":"http:\/\/cityhotel.prodweb.pl\/de\/?page_id=1576"},"modified":"2018-07-02T14:53:26","modified_gmt":"2018-07-02T12:53:26","slug":"etage","status":"publish","type":"page","link":"https:\/\/www.city-hotel.pl\/de\/konferenzen\/etage\/","title":{"rendered":"R\u00c4UME IM ERDGESCHOSS"},"content":{"rendered":"<p style=\"text-align: left\">Im Erdgeschoss befinden sich das Restaurant und drei R\u00e4ume f\u00fcr Konferenzen und Bankette (A,B,C), die \u00fcber ein System beweglicher W\u00e4nde miteinander verbunden sind. Dadurch ist eine flexible Raumgestaltung und die Verbindung des Restaurants mit den R\u00e4umen m\u00f6glich und es steht insgesamt eine Fl\u00e4che von 600 m\u00b2 zur Verf\u00fcgung.<\/p>\n<p style=\"text-align: left\"><strong>Alle R\u00e4ume:<\/strong><\/p>\n<ul>\n<li style=\"text-align: left\">sind klimatisiert<\/li>\n<li style=\"text-align: left\">verf\u00fcgen \u00fcber Tageslicht<\/li>\n<li style=\"text-align: left\">sind verdunkelbar<\/li>\n<li style=\"text-align: left\">sind mit audiovisuellen Ger\u00e4ten und Internetverbindungen ausgestattet.<\/li>\n<\/ul>\n","protected":false},"excerpt":{"rendered":"<p style=\"text-align: left\">Im Erdgeschoss befinden sich das Restaurant und drei R\u00e4ume f\u00fcr Konferenzen und Bankette (A,B,C), die \u00fcber ein System beweglicher W\u00e4nde miteinander verbunden sind. Dadurch ist eine flexible Raumgestaltung und die Verbindung des Restaurants mit den R\u00e4umen m\u00f6glich und es steht insgesamt eine Fl\u00e4che von 600 m\u00b2 zur Verf\u00fcgung.<\/p>\n<p style=\"text-align: left\">Alle R\u00e4ume:<\/p>\n<ul>\n<li style=\"text-align: left\">sind klimatisiert<\/li>\n<li style=\"text-align: left\">verf\u00fcgen \u00fcber Tageslicht<\/li>\n<li style=\"text-align: left\">sind verdunkelbar<\/li>\n<li style=\"text-align: left\">sind mit audiovisuellen Ger\u00e4ten und Internetverbindungen ausgestattet.<\/li>\n<\/ul>\n","protected":false},"author":1,"featured_media":0,"parent":17,"menu_order":0,"comment_status":"closed","ping_status":"closed","template":"template-conference-floor.php","meta":{"_acf_changed":false,"footnotes":""},"class_list":["post-1576","page","type-page","status-publish","hentry"],"acf":[],"yoast_head":"<!-- This site is optimized with the Yoast SEO plugin v27.4 - https:\/\/yoast.com\/product\/yoast-seo-wordpress\/ -->\n<title>R\u00c4UME IM ERDGESCHOSS - City Hotel Bydgoszcz - Startseite<\/title>\n<meta name=\"robots\" content=\"index, follow, max-snippet:-1, max-image-preview:large, max-video-preview:-1\" \/>\n<link rel=\"canonical\" href=\"https:\/\/www.city-hotel.pl\/de\/konferenzen\/etage\/\" \/>\n<meta property=\"og:locale\" content=\"de_DE\" \/>\n<meta property=\"og:type\" content=\"article\" \/>\n<meta property=\"og:title\" content=\"R\u00c4UME IM ERDGESCHOSS - City Hotel Bydgoszcz - Startseite\" \/>\n<meta property=\"og:description\" content=\"Im Erdgeschoss befinden sich das Restaurant und drei R\u00e4ume f\u00fcr Konferenzen und Bankette (A,B,C), die \u00fcber ein System beweglicher W\u00e4nde miteinander verbunden sind. Dadurch ist eine flexible Raumgestaltung und die Verbindung des Restaurants mit den R\u00e4umen m\u00f6glich und es steht insgesamt eine Fl\u00e4che von 600 m\u00b2 zur Verf\u00fcgung. Alle R\u00e4ume: sind klimatisiert verf\u00fcgen \u00fcber Tageslicht sind verdunkelbar sind mit audiovisuellen Ger\u00e4ten und Internetverbindungen ausgestattet.\" \/>\n<meta property=\"og:url\" content=\"https:\/\/www.city-hotel.pl\/de\/konferenzen\/etage\/\" \/>\n<meta property=\"og:site_name\" content=\"City Hotel Bydgoszcz - Startseite\" \/>\n<meta property=\"article:modified_time\" content=\"2018-07-02T12:53:26+00:00\" \/>\n<meta name=\"twitter:card\" content=\"summary_large_image\" \/>\n<script type=\"application\/ld+json\" class=\"yoast-schema-graph\">{\"@context\":\"https:\\\/\\\/schema.org\",\"@graph\":[{\"@type\":\"WebPage\",\"@id\":\"https:\\\/\\\/www.city-hotel.pl\\\/de\\\/konferenzen\\\/etage\\\/\",\"url\":\"https:\\\/\\\/www.city-hotel.pl\\\/de\\\/konferenzen\\\/etage\\\/\",\"name\":\"R\u00c4UME IM ERDGESCHOSS - City Hotel Bydgoszcz - Startseite\",\"isPartOf\":{\"@id\":\"https:\\\/\\\/www.city-hotel.pl\\\/de\\\/#website\"},\"datePublished\":\"2015-11-17T20:51:05+00:00\",\"dateModified\":\"2018-07-02T12:53:26+00:00\",\"breadcrumb\":{\"@id\":\"https:\\\/\\\/www.city-hotel.pl\\\/de\\\/konferenzen\\\/etage\\\/#breadcrumb\"},\"inLanguage\":\"de\",\"potentialAction\":[{\"@type\":\"ReadAction\",\"target\":[\"https:\\\/\\\/www.city-hotel.pl\\\/de\\\/konferenzen\\\/etage\\\/\"]}]},{\"@type\":\"BreadcrumbList\",\"@id\":\"https:\\\/\\\/www.city-hotel.pl\\\/de\\\/konferenzen\\\/etage\\\/#breadcrumb\",\"itemListElement\":[{\"@type\":\"ListItem\",\"position\":1,\"name\":\"Strona g\u0142\u00f3wna\",\"item\":\"https:\\\/\\\/www.city-hotel.pl\\\/de\\\/\"},{\"@type\":\"ListItem\",\"position\":2,\"name\":\"Konferenzen\",\"item\":\"https:\\\/\\\/www.city-hotel.pl\\\/de\\\/konferenzen\\\/\"},{\"@type\":\"ListItem\",\"position\":3,\"name\":\"R\u00c4UME IM ERDGESCHOSS\",\"item\":\"https:\\\/\\\/www.city-hotel.pl\\\/de\\\/wp-json\\\/wp\\\/v2\\\/pages\\\/1576\"}]},{\"@type\":\"WebSite\",\"@id\":\"https:\\\/\\\/www.city-hotel.pl\\\/de\\\/#website\",\"url\":\"https:\\\/\\\/www.city-hotel.pl\\\/de\\\/\",\"name\":\"City Hotel Bydgoszcz - Startseite\",\"description\":\"\",\"potentialAction\":[{\"@type\":\"SearchAction\",\"target\":{\"@type\":\"EntryPoint\",\"urlTemplate\":\"https:\\\/\\\/www.city-hotel.pl\\\/de\\\/?s={search_term_string}\"},\"query-input\":{\"@type\":\"PropertyValueSpecification\",\"valueRequired\":true,\"valueName\":\"search_term_string\"}}],\"inLanguage\":\"de\"}]}<\/script>\n<!-- \/ Yoast SEO plugin. -->","yoast_head_json":{"title":"R\u00c4UME IM ERDGESCHOSS - City Hotel Bydgoszcz - Startseite","robots":{"index":"index","follow":"follow","max-snippet":"max-snippet:-1","max-image-preview":"max-image-preview:large","max-video-preview":"max-video-preview:-1"},"canonical":"https:\/\/www.city-hotel.pl\/de\/konferenzen\/etage\/","og_locale":"de_DE","og_type":"article","og_title":"R\u00c4UME IM ERDGESCHOSS - City Hotel Bydgoszcz - Startseite","og_description":"Im Erdgeschoss befinden sich das Restaurant und drei R\u00e4ume f\u00fcr Konferenzen und Bankette (A,B,C), die \u00fcber ein System beweglicher W\u00e4nde miteinander verbunden sind. Dadurch ist eine flexible Raumgestaltung und die Verbindung des Restaurants mit den R\u00e4umen m\u00f6glich und es steht insgesamt eine Fl\u00e4che von 600 m\u00b2 zur Verf\u00fcgung. Alle R\u00e4ume: sind klimatisiert verf\u00fcgen \u00fcber Tageslicht sind verdunkelbar sind mit audiovisuellen Ger\u00e4ten und Internetverbindungen ausgestattet.","og_url":"https:\/\/www.city-hotel.pl\/de\/konferenzen\/etage\/","og_site_name":"City Hotel Bydgoszcz - Startseite","article_modified_time":"2018-07-02T12:53:26+00:00","twitter_card":"summary_large_image","schema":{"@context":"https:\/\/schema.org","@graph":[{"@type":"WebPage","@id":"https:\/\/www.city-hotel.pl\/de\/konferenzen\/etage\/","url":"https:\/\/www.city-hotel.pl\/de\/konferenzen\/etage\/","name":"R\u00c4UME IM ERDGESCHOSS - City Hotel Bydgoszcz - Startseite","isPartOf":{"@id":"https:\/\/www.city-hotel.pl\/de\/#website"},"datePublished":"2015-11-17T20:51:05+00:00","dateModified":"2018-07-02T12:53:26+00:00","breadcrumb":{"@id":"https:\/\/www.city-hotel.pl\/de\/konferenzen\/etage\/#breadcrumb"},"inLanguage":"de","potentialAction":[{"@type":"ReadAction","target":["https:\/\/www.city-hotel.pl\/de\/konferenzen\/etage\/"]}]},{"@type":"BreadcrumbList","@id":"https:\/\/www.city-hotel.pl\/de\/konferenzen\/etage\/#breadcrumb","itemListElement":[{"@type":"ListItem","position":1,"name":"Strona g\u0142\u00f3wna","item":"https:\/\/www.city-hotel.pl\/de\/"},{"@type":"ListItem","position":2,"name":"Konferenzen","item":"https:\/\/www.city-hotel.pl\/de\/konferenzen\/"},{"@type":"ListItem","position":3,"name":"R\u00c4UME IM ERDGESCHOSS","item":"https:\/\/www.city-hotel.pl\/de\/wp-json\/wp\/v2\/pages\/1576"}]},{"@type":"WebSite","@id":"https:\/\/www.city-hotel.pl\/de\/#website","url":"https:\/\/www.city-hotel.pl\/de\/","name":"City Hotel Bydgoszcz - Startseite","description":"","potentialAction":[{"@type":"SearchAction","target":{"@type":"EntryPoint","urlTemplate":"https:\/\/www.city-hotel.pl\/de\/?s={search_term_string}"},"query-input":{"@type":"PropertyValueSpecification","valueRequired":true,"valueName":"search_term_string"}}],"inLanguage":"de"}]}},"_links":{"self":[{"href":"https:\/\/www.city-hotel.pl\/de\/wp-json\/wp\/v2\/pages\/1576","targetHints":{"allow":["GET"]}}],"collection":[{"href":"https:\/\/www.city-hotel.pl\/de\/wp-json\/wp\/v2\/pages"}],"about":[{"href":"https:\/\/www.city-hotel.pl\/de\/wp-json\/wp\/v2\/types\/page"}],"author":[{"embeddable":true,"href":"https:\/\/www.city-hotel.pl\/de\/wp-json\/wp\/v2\/users\/1"}],"replies":[{"embeddable":true,"href":"https:\/\/www.city-hotel.pl\/de\/wp-json\/wp\/v2\/comments?post=1576"}],"version-history":[{"count":18,"href":"https:\/\/www.city-hotel.pl\/de\/wp-json\/wp\/v2\/pages\/1576\/revisions"}],"predecessor-version":[{"id":3539,"href":"https:\/\/www.city-hotel.pl\/de\/wp-json\/wp\/v2\/pages\/1576\/revisions\/3539"}],"up":[{"embeddable":true,"href":"https:\/\/www.city-hotel.pl\/de\/wp-json\/wp\/v2\/pages\/17"}],"wp:attachment":[{"href":"https:\/\/www.city-hotel.pl\/de\/wp-json\/wp\/v2\/media?parent=1576"}],"curies":[{"name":"wp","href":"https:\/\/api.w.org\/{rel}","templated":true}]}}