{"id":1596,"date":"2015-11-18T00:15:58","date_gmt":"2015-11-17T23:15:58","guid":{"rendered":"http:\/\/cityhotel.prodweb.pl\/de\/?page_id=1596"},"modified":"2018-07-02T14:08:33","modified_gmt":"2018-07-02T12:08:33","slug":"1-stock","status":"publish","type":"page","link":"https:\/\/www.city-hotel.pl\/de\/konferenzen\/1-stock\/","title":{"rendered":"KONFERENZR\u00c4UME \u2013 1. STOCK"},"content":{"rendered":"<p style=\"text-align: left\">Im ersten Stock befinden sich zwei Konferenzr\u00e4ume (D, E), die mit einem System beweglicher W\u00e4nde verbunden sind, wodurch ein gro\u00dfer Raum mit einer Gesamtfl\u00e4che von 255 m\u00b2 zur Verf\u00fcgung steht.<\/p>\n<p style=\"text-align: left\"><strong>Die R\u00e4ume:<\/strong><\/p>\n<ul>\n<li style=\"text-align: left\">sind ausgestattet mit einer Klimaanlage<\/li>\n<li style=\"text-align: left\">sind ausgestattet mit audiovisuellen Ger\u00e4ten<\/li>\n<li style=\"text-align: left\">verf\u00fcgen \u00fcber Internet<\/li>\n<li style=\"text-align: left\">verf\u00fcgen \u00fcber Tageslicht<\/li>\n<li style=\"text-align: left\">sind verdunkelbar<\/li>\n<\/ul>\n","protected":false},"excerpt":{"rendered":"<p style=\"text-align: left\">Im ersten Stock befinden sich zwei Konferenzr\u00e4ume (D, E), die mit einem System beweglicher W\u00e4nde verbunden sind, wodurch ein gro\u00dfer Raum mit einer Gesamtfl\u00e4che von 255 m\u00b2 zur Verf\u00fcgung steht.<\/p>\n<p style=\"text-align: left\">Die R\u00e4ume:<\/p>\n<ul>\n<li style=\"text-align: left\">sind ausgestattet mit einer Klimaanlage<\/li>\n<li style=\"text-align: left\">sind ausgestattet mit audiovisuellen Ger\u00e4ten<\/li>\n<li style=\"text-align: left\">verf\u00fcgen \u00fcber Internet<\/li>\n<li style=\"text-align: left\">verf\u00fcgen \u00fcber Tageslicht<\/li>\n<li style=\"text-align: left\">sind verdunkelbar<\/li>\n<\/ul>\n","protected":false},"author":1,"featured_media":0,"parent":17,"menu_order":0,"comment_status":"closed","ping_status":"closed","template":"template-conference-floor.php","meta":{"_acf_changed":false,"footnotes":""},"class_list":["post-1596","page","type-page","status-publish","hentry"],"acf":[],"yoast_head":"<!-- This site is optimized with the Yoast SEO plugin v27.4 - https:\/\/yoast.com\/product\/yoast-seo-wordpress\/ -->\n<title>KONFERENZR\u00c4UME \u2013 1. STOCK - City Hotel Bydgoszcz - Startseite<\/title>\n<meta name=\"robots\" content=\"index, follow, max-snippet:-1, max-image-preview:large, max-video-preview:-1\" \/>\n<link rel=\"canonical\" href=\"https:\/\/www.city-hotel.pl\/de\/konferenzen\/1-stock\/\" \/>\n<meta property=\"og:locale\" content=\"de_DE\" \/>\n<meta property=\"og:type\" content=\"article\" \/>\n<meta property=\"og:title\" content=\"KONFERENZR\u00c4UME \u2013 1. STOCK - City Hotel Bydgoszcz - Startseite\" \/>\n<meta property=\"og:description\" content=\"Im ersten Stock befinden sich zwei Konferenzr\u00e4ume (D, E), die mit einem System beweglicher W\u00e4nde verbunden sind, wodurch ein gro\u00dfer Raum mit einer Gesamtfl\u00e4che von 255 m\u00b2 zur Verf\u00fcgung steht. Die R\u00e4ume: sind ausgestattet mit einer Klimaanlage sind ausgestattet mit audiovisuellen Ger\u00e4ten verf\u00fcgen \u00fcber Internet verf\u00fcgen \u00fcber Tageslicht sind verdunkelbar\" \/>\n<meta property=\"og:url\" content=\"https:\/\/www.city-hotel.pl\/de\/konferenzen\/1-stock\/\" \/>\n<meta property=\"og:site_name\" content=\"City Hotel Bydgoszcz - Startseite\" \/>\n<meta property=\"article:modified_time\" content=\"2018-07-02T12:08:33+00:00\" \/>\n<meta name=\"twitter:card\" content=\"summary_large_image\" \/>\n<script type=\"application\/ld+json\" class=\"yoast-schema-graph\">{\"@context\":\"https:\\\/\\\/schema.org\",\"@graph\":[{\"@type\":\"WebPage\",\"@id\":\"https:\\\/\\\/www.city-hotel.pl\\\/de\\\/konferenzen\\\/1-stock\\\/\",\"url\":\"https:\\\/\\\/www.city-hotel.pl\\\/de\\\/konferenzen\\\/1-stock\\\/\",\"name\":\"KONFERENZR\u00c4UME \u2013 1. STOCK - City Hotel Bydgoszcz - Startseite\",\"isPartOf\":{\"@id\":\"https:\\\/\\\/www.city-hotel.pl\\\/de\\\/#website\"},\"datePublished\":\"2015-11-17T23:15:58+00:00\",\"dateModified\":\"2018-07-02T12:08:33+00:00\",\"breadcrumb\":{\"@id\":\"https:\\\/\\\/www.city-hotel.pl\\\/de\\\/konferenzen\\\/1-stock\\\/#breadcrumb\"},\"inLanguage\":\"de\",\"potentialAction\":[{\"@type\":\"ReadAction\",\"target\":[\"https:\\\/\\\/www.city-hotel.pl\\\/de\\\/konferenzen\\\/1-stock\\\/\"]}]},{\"@type\":\"BreadcrumbList\",\"@id\":\"https:\\\/\\\/www.city-hotel.pl\\\/de\\\/konferenzen\\\/1-stock\\\/#breadcrumb\",\"itemListElement\":[{\"@type\":\"ListItem\",\"position\":1,\"name\":\"Strona g\u0142\u00f3wna\",\"item\":\"https:\\\/\\\/www.city-hotel.pl\\\/de\\\/\"},{\"@type\":\"ListItem\",\"position\":2,\"name\":\"Konferenzen\",\"item\":\"https:\\\/\\\/www.city-hotel.pl\\\/de\\\/konferenzen\\\/\"},{\"@type\":\"ListItem\",\"position\":3,\"name\":\"KONFERENZR\u00c4UME \u2013 1. STOCK\",\"item\":\"https:\\\/\\\/www.city-hotel.pl\\\/de\\\/wp-json\\\/wp\\\/v2\\\/pages\\\/1596\"}]},{\"@type\":\"WebSite\",\"@id\":\"https:\\\/\\\/www.city-hotel.pl\\\/de\\\/#website\",\"url\":\"https:\\\/\\\/www.city-hotel.pl\\\/de\\\/\",\"name\":\"City Hotel Bydgoszcz - Startseite\",\"description\":\"\",\"potentialAction\":[{\"@type\":\"SearchAction\",\"target\":{\"@type\":\"EntryPoint\",\"urlTemplate\":\"https:\\\/\\\/www.city-hotel.pl\\\/de\\\/?s={search_term_string}\"},\"query-input\":{\"@type\":\"PropertyValueSpecification\",\"valueRequired\":true,\"valueName\":\"search_term_string\"}}],\"inLanguage\":\"de\"}]}<\/script>\n<!-- \/ Yoast SEO plugin. -->","yoast_head_json":{"title":"KONFERENZR\u00c4UME \u2013 1. STOCK - City Hotel Bydgoszcz - Startseite","robots":{"index":"index","follow":"follow","max-snippet":"max-snippet:-1","max-image-preview":"max-image-preview:large","max-video-preview":"max-video-preview:-1"},"canonical":"https:\/\/www.city-hotel.pl\/de\/konferenzen\/1-stock\/","og_locale":"de_DE","og_type":"article","og_title":"KONFERENZR\u00c4UME \u2013 1. STOCK - City Hotel Bydgoszcz - Startseite","og_description":"Im ersten Stock befinden sich zwei Konferenzr\u00e4ume (D, E), die mit einem System beweglicher W\u00e4nde verbunden sind, wodurch ein gro\u00dfer Raum mit einer Gesamtfl\u00e4che von 255 m\u00b2 zur Verf\u00fcgung steht. Die R\u00e4ume: sind ausgestattet mit einer Klimaanlage sind ausgestattet mit audiovisuellen Ger\u00e4ten verf\u00fcgen \u00fcber Internet verf\u00fcgen \u00fcber Tageslicht sind verdunkelbar","og_url":"https:\/\/www.city-hotel.pl\/de\/konferenzen\/1-stock\/","og_site_name":"City Hotel Bydgoszcz - Startseite","article_modified_time":"2018-07-02T12:08:33+00:00","twitter_card":"summary_large_image","schema":{"@context":"https:\/\/schema.org","@graph":[{"@type":"WebPage","@id":"https:\/\/www.city-hotel.pl\/de\/konferenzen\/1-stock\/","url":"https:\/\/www.city-hotel.pl\/de\/konferenzen\/1-stock\/","name":"KONFERENZR\u00c4UME \u2013 1. STOCK - City Hotel Bydgoszcz - Startseite","isPartOf":{"@id":"https:\/\/www.city-hotel.pl\/de\/#website"},"datePublished":"2015-11-17T23:15:58+00:00","dateModified":"2018-07-02T12:08:33+00:00","breadcrumb":{"@id":"https:\/\/www.city-hotel.pl\/de\/konferenzen\/1-stock\/#breadcrumb"},"inLanguage":"de","potentialAction":[{"@type":"ReadAction","target":["https:\/\/www.city-hotel.pl\/de\/konferenzen\/1-stock\/"]}]},{"@type":"BreadcrumbList","@id":"https:\/\/www.city-hotel.pl\/de\/konferenzen\/1-stock\/#breadcrumb","itemListElement":[{"@type":"ListItem","position":1,"name":"Strona g\u0142\u00f3wna","item":"https:\/\/www.city-hotel.pl\/de\/"},{"@type":"ListItem","position":2,"name":"Konferenzen","item":"https:\/\/www.city-hotel.pl\/de\/konferenzen\/"},{"@type":"ListItem","position":3,"name":"KONFERENZR\u00c4UME \u2013 1. STOCK","item":"https:\/\/www.city-hotel.pl\/de\/wp-json\/wp\/v2\/pages\/1596"}]},{"@type":"WebSite","@id":"https:\/\/www.city-hotel.pl\/de\/#website","url":"https:\/\/www.city-hotel.pl\/de\/","name":"City Hotel Bydgoszcz - Startseite","description":"","potentialAction":[{"@type":"SearchAction","target":{"@type":"EntryPoint","urlTemplate":"https:\/\/www.city-hotel.pl\/de\/?s={search_term_string}"},"query-input":{"@type":"PropertyValueSpecification","valueRequired":true,"valueName":"search_term_string"}}],"inLanguage":"de"}]}},"_links":{"self":[{"href":"https:\/\/www.city-hotel.pl\/de\/wp-json\/wp\/v2\/pages\/1596","targetHints":{"allow":["GET"]}}],"collection":[{"href":"https:\/\/www.city-hotel.pl\/de\/wp-json\/wp\/v2\/pages"}],"about":[{"href":"https:\/\/www.city-hotel.pl\/de\/wp-json\/wp\/v2\/types\/page"}],"author":[{"embeddable":true,"href":"https:\/\/www.city-hotel.pl\/de\/wp-json\/wp\/v2\/users\/1"}],"replies":[{"embeddable":true,"href":"https:\/\/www.city-hotel.pl\/de\/wp-json\/wp\/v2\/comments?post=1596"}],"version-history":[{"count":14,"href":"https:\/\/www.city-hotel.pl\/de\/wp-json\/wp\/v2\/pages\/1596\/revisions"}],"predecessor-version":[{"id":3529,"href":"https:\/\/www.city-hotel.pl\/de\/wp-json\/wp\/v2\/pages\/1596\/revisions\/3529"}],"up":[{"embeddable":true,"href":"https:\/\/www.city-hotel.pl\/de\/wp-json\/wp\/v2\/pages\/17"}],"wp:attachment":[{"href":"https:\/\/www.city-hotel.pl\/de\/wp-json\/wp\/v2\/media?parent=1596"}],"curies":[{"name":"wp","href":"https:\/\/api.w.org\/{rel}","templated":true}]}}