{"id":1619,"date":"2015-11-18T02:53:16","date_gmt":"2015-11-18T01:53:16","guid":{"rendered":"http:\/\/cityhotel.prodweb.pl\/de\/?page_id=1619"},"modified":"2018-06-29T15:10:09","modified_gmt":"2018-06-29T13:10:09","slug":"4-stock","status":"publish","type":"page","link":"https:\/\/www.city-hotel.pl\/de\/konferenzen\/4-stock\/","title":{"rendered":"KONFERENZRAUM \u2013 4. STOCK"},"content":{"rendered":"<p style=\"text-align: left\">Im vierten Stock befindet sich der Raum Panorama. Der kleine Raum ist ideal f\u00fcr Bewerbungsgespr\u00e4che, Gesch\u00e4ftstreffen im kleinen Kreis und kleine Schulungen und Feiern.<\/p>\n<p style=\"text-align: left\"><strong>Der Raum Panorama:<\/strong><\/p>\n<ul>\n<li style=\"text-align: left\">ist klimatisiert<\/li>\n<li style=\"text-align: left\">verf\u00fcgt \u00fcber Tageslicht<\/li>\n<li style=\"text-align: left\">ist verdunkelbar<\/li>\n<li style=\"text-align: left\">ist mit audiovisuellen Ger\u00e4ten und Internetverbindungen ausgestattet<\/li>\n<\/ul>\n","protected":false},"excerpt":{"rendered":"<p style=\"text-align: left\">Im vierten Stock befindet sich der Raum Panorama. Der kleine Raum ist ideal f\u00fcr Bewerbungsgespr\u00e4che, Gesch\u00e4ftstreffen im kleinen Kreis und kleine Schulungen und Feiern.<\/p>\n<p style=\"text-align: left\">Der Raum Panorama:<\/p>\n<ul>\n<li style=\"text-align: left\">ist klimatisiert<\/li>\n<li style=\"text-align: left\">verf\u00fcgt \u00fcber Tageslicht<\/li>\n<li style=\"text-align: left\">ist verdunkelbar<\/li>\n<li style=\"text-align: left\">ist mit audiovisuellen Ger\u00e4ten und Internetverbindungen ausgestattet<\/li>\n<\/ul>\n","protected":false},"author":1,"featured_media":0,"parent":17,"menu_order":0,"comment_status":"closed","ping_status":"closed","template":"template-conference-floor.php","meta":{"_acf_changed":false,"footnotes":""},"class_list":["post-1619","page","type-page","status-publish","hentry"],"acf":[],"yoast_head":"<!-- This site is optimized with the Yoast SEO plugin v27.3 - https:\/\/yoast.com\/product\/yoast-seo-wordpress\/ -->\n<title>KONFERENZRAUM \u2013 4. STOCK - City Hotel Bydgoszcz - Startseite<\/title>\n<meta name=\"robots\" content=\"index, follow, max-snippet:-1, max-image-preview:large, max-video-preview:-1\" \/>\n<link rel=\"canonical\" href=\"https:\/\/www.city-hotel.pl\/de\/konferenzen\/4-stock\/\" \/>\n<meta property=\"og:locale\" content=\"de_DE\" \/>\n<meta property=\"og:type\" content=\"article\" \/>\n<meta property=\"og:title\" content=\"KONFERENZRAUM \u2013 4. STOCK - City Hotel Bydgoszcz - Startseite\" \/>\n<meta property=\"og:description\" content=\"Im vierten Stock befindet sich der Raum Panorama. Der kleine Raum ist ideal f\u00fcr Bewerbungsgespr\u00e4che, Gesch\u00e4ftstreffen im kleinen Kreis und kleine Schulungen und Feiern. Der Raum Panorama: ist klimatisiert verf\u00fcgt \u00fcber Tageslicht ist verdunkelbar ist mit audiovisuellen Ger\u00e4ten und Internetverbindungen ausgestattet\" \/>\n<meta property=\"og:url\" content=\"https:\/\/www.city-hotel.pl\/de\/konferenzen\/4-stock\/\" \/>\n<meta property=\"og:site_name\" content=\"City Hotel Bydgoszcz - Startseite\" \/>\n<meta property=\"article:modified_time\" content=\"2018-06-29T13:10:09+00:00\" \/>\n<meta name=\"twitter:card\" content=\"summary_large_image\" \/>\n<script type=\"application\/ld+json\" class=\"yoast-schema-graph\">{\"@context\":\"https:\\\/\\\/schema.org\",\"@graph\":[{\"@type\":\"WebPage\",\"@id\":\"https:\\\/\\\/www.city-hotel.pl\\\/de\\\/konferenzen\\\/4-stock\\\/\",\"url\":\"https:\\\/\\\/www.city-hotel.pl\\\/de\\\/konferenzen\\\/4-stock\\\/\",\"name\":\"KONFERENZRAUM \u2013 4. STOCK - City Hotel Bydgoszcz - Startseite\",\"isPartOf\":{\"@id\":\"https:\\\/\\\/www.city-hotel.pl\\\/de\\\/#website\"},\"datePublished\":\"2015-11-18T01:53:16+00:00\",\"dateModified\":\"2018-06-29T13:10:09+00:00\",\"breadcrumb\":{\"@id\":\"https:\\\/\\\/www.city-hotel.pl\\\/de\\\/konferenzen\\\/4-stock\\\/#breadcrumb\"},\"inLanguage\":\"de\",\"potentialAction\":[{\"@type\":\"ReadAction\",\"target\":[\"https:\\\/\\\/www.city-hotel.pl\\\/de\\\/konferenzen\\\/4-stock\\\/\"]}]},{\"@type\":\"BreadcrumbList\",\"@id\":\"https:\\\/\\\/www.city-hotel.pl\\\/de\\\/konferenzen\\\/4-stock\\\/#breadcrumb\",\"itemListElement\":[{\"@type\":\"ListItem\",\"position\":1,\"name\":\"Strona g\u0142\u00f3wna\",\"item\":\"https:\\\/\\\/www.city-hotel.pl\\\/de\\\/\"},{\"@type\":\"ListItem\",\"position\":2,\"name\":\"Konferenzen\",\"item\":\"https:\\\/\\\/www.city-hotel.pl\\\/de\\\/konferenzen\\\/\"},{\"@type\":\"ListItem\",\"position\":3,\"name\":\"KONFERENZRAUM \u2013 4. STOCK\",\"item\":\"https:\\\/\\\/www.city-hotel.pl\\\/de\\\/wp-json\\\/wp\\\/v2\\\/pages\\\/1619\"}]},{\"@type\":\"WebSite\",\"@id\":\"https:\\\/\\\/www.city-hotel.pl\\\/de\\\/#website\",\"url\":\"https:\\\/\\\/www.city-hotel.pl\\\/de\\\/\",\"name\":\"City Hotel Bydgoszcz - Startseite\",\"description\":\"\",\"potentialAction\":[{\"@type\":\"SearchAction\",\"target\":{\"@type\":\"EntryPoint\",\"urlTemplate\":\"https:\\\/\\\/www.city-hotel.pl\\\/de\\\/?s={search_term_string}\"},\"query-input\":{\"@type\":\"PropertyValueSpecification\",\"valueRequired\":true,\"valueName\":\"search_term_string\"}}],\"inLanguage\":\"de\"}]}<\/script>\n<!-- \/ Yoast SEO plugin. -->","yoast_head_json":{"title":"KONFERENZRAUM \u2013 4. STOCK - City Hotel Bydgoszcz - Startseite","robots":{"index":"index","follow":"follow","max-snippet":"max-snippet:-1","max-image-preview":"max-image-preview:large","max-video-preview":"max-video-preview:-1"},"canonical":"https:\/\/www.city-hotel.pl\/de\/konferenzen\/4-stock\/","og_locale":"de_DE","og_type":"article","og_title":"KONFERENZRAUM \u2013 4. STOCK - City Hotel Bydgoszcz - Startseite","og_description":"Im vierten Stock befindet sich der Raum Panorama. Der kleine Raum ist ideal f\u00fcr Bewerbungsgespr\u00e4che, Gesch\u00e4ftstreffen im kleinen Kreis und kleine Schulungen und Feiern. Der Raum Panorama: ist klimatisiert verf\u00fcgt \u00fcber Tageslicht ist verdunkelbar ist mit audiovisuellen Ger\u00e4ten und Internetverbindungen ausgestattet","og_url":"https:\/\/www.city-hotel.pl\/de\/konferenzen\/4-stock\/","og_site_name":"City Hotel Bydgoszcz - Startseite","article_modified_time":"2018-06-29T13:10:09+00:00","twitter_card":"summary_large_image","schema":{"@context":"https:\/\/schema.org","@graph":[{"@type":"WebPage","@id":"https:\/\/www.city-hotel.pl\/de\/konferenzen\/4-stock\/","url":"https:\/\/www.city-hotel.pl\/de\/konferenzen\/4-stock\/","name":"KONFERENZRAUM \u2013 4. STOCK - City Hotel Bydgoszcz - Startseite","isPartOf":{"@id":"https:\/\/www.city-hotel.pl\/de\/#website"},"datePublished":"2015-11-18T01:53:16+00:00","dateModified":"2018-06-29T13:10:09+00:00","breadcrumb":{"@id":"https:\/\/www.city-hotel.pl\/de\/konferenzen\/4-stock\/#breadcrumb"},"inLanguage":"de","potentialAction":[{"@type":"ReadAction","target":["https:\/\/www.city-hotel.pl\/de\/konferenzen\/4-stock\/"]}]},{"@type":"BreadcrumbList","@id":"https:\/\/www.city-hotel.pl\/de\/konferenzen\/4-stock\/#breadcrumb","itemListElement":[{"@type":"ListItem","position":1,"name":"Strona g\u0142\u00f3wna","item":"https:\/\/www.city-hotel.pl\/de\/"},{"@type":"ListItem","position":2,"name":"Konferenzen","item":"https:\/\/www.city-hotel.pl\/de\/konferenzen\/"},{"@type":"ListItem","position":3,"name":"KONFERENZRAUM \u2013 4. STOCK","item":"https:\/\/www.city-hotel.pl\/de\/wp-json\/wp\/v2\/pages\/1619"}]},{"@type":"WebSite","@id":"https:\/\/www.city-hotel.pl\/de\/#website","url":"https:\/\/www.city-hotel.pl\/de\/","name":"City Hotel Bydgoszcz - Startseite","description":"","potentialAction":[{"@type":"SearchAction","target":{"@type":"EntryPoint","urlTemplate":"https:\/\/www.city-hotel.pl\/de\/?s={search_term_string}"},"query-input":{"@type":"PropertyValueSpecification","valueRequired":true,"valueName":"search_term_string"}}],"inLanguage":"de"}]}},"_links":{"self":[{"href":"https:\/\/www.city-hotel.pl\/de\/wp-json\/wp\/v2\/pages\/1619","targetHints":{"allow":["GET"]}}],"collection":[{"href":"https:\/\/www.city-hotel.pl\/de\/wp-json\/wp\/v2\/pages"}],"about":[{"href":"https:\/\/www.city-hotel.pl\/de\/wp-json\/wp\/v2\/types\/page"}],"author":[{"embeddable":true,"href":"https:\/\/www.city-hotel.pl\/de\/wp-json\/wp\/v2\/users\/1"}],"replies":[{"embeddable":true,"href":"https:\/\/www.city-hotel.pl\/de\/wp-json\/wp\/v2\/comments?post=1619"}],"version-history":[{"count":8,"href":"https:\/\/www.city-hotel.pl\/de\/wp-json\/wp\/v2\/pages\/1619\/revisions"}],"predecessor-version":[{"id":3511,"href":"https:\/\/www.city-hotel.pl\/de\/wp-json\/wp\/v2\/pages\/1619\/revisions\/3511"}],"up":[{"embeddable":true,"href":"https:\/\/www.city-hotel.pl\/de\/wp-json\/wp\/v2\/pages\/17"}],"wp:attachment":[{"href":"https:\/\/www.city-hotel.pl\/de\/wp-json\/wp\/v2\/media?parent=1619"}],"curies":[{"name":"wp","href":"https:\/\/api.w.org\/{rel}","templated":true}]}}