{"id":658,"date":"2015-11-05T12:24:52","date_gmt":"2015-11-05T11:24:52","guid":{"rendered":"http:\/\/cityhotel.prodweb.pl\/de\/?page_id=658"},"modified":"2025-02-06T12:00:10","modified_gmt":"2025-02-06T11:00:10","slug":"konferenzraume","status":"publish","type":"page","link":"https:\/\/www.city-hotel.pl\/de\/konferenzen\/konferenzraume\/","title":{"rendered":"KONFERENZR\u00c4UME"},"content":{"rendered":"<p style=\"text-align: justify\">Das Konferenzzentrum im City Hotel in Bydgoszcz verf\u00fcgt \u00fcber R\u00e4ume, die den Anforderungen der Organisation von Schulungen, Konferenzen, Gesch\u00e4ftstreffen usw. entsprechen. Die R\u00e4ume befinden sich im Erdgeschoss und im ersten Stock. Das gut durchdachte System erm\u00f6glicht eine flexible Raumgestaltung. Dar\u00fcber hinaus befindet sich im vierten Stock ein kleiner gem\u00fctlicher Raum, der ideal f\u00fcr Bewerbungsgespr\u00e4che oder Gesch\u00e4ftstreffen im kleinen Kreis geeignet ist.<\/p>\n","protected":false},"excerpt":{"rendered":"<p style=\"text-align: justify\">Das Konferenzzentrum im City Hotel in Bydgoszcz verf\u00fcgt \u00fcber R\u00e4ume, die den Anforderungen der Organisation von Schulungen, Konferenzen, Gesch\u00e4ftstreffen usw. entsprechen. Die R\u00e4ume befinden sich im Erdgeschoss und im ersten Stock. Das gut durchdachte System erm\u00f6glicht eine flexible Raumgestaltung. Dar\u00fcber hinaus befindet sich im vierten Stock ein kleiner gem\u00fctlicher Raum, der ideal f\u00fcr Bewerbungsgespr\u00e4che oder Gesch\u00e4ftstreffen im kleinen Kreis geeignet ist.<\/p>\n","protected":false},"author":1,"featured_media":0,"parent":17,"menu_order":0,"comment_status":"closed","ping_status":"closed","template":"template-conference-rooms.php","meta":{"_acf_changed":false,"footnotes":""},"class_list":["post-658","page","type-page","status-publish","hentry"],"acf":[],"yoast_head":"<!-- This site is optimized with the Yoast SEO plugin v27.3 - https:\/\/yoast.com\/product\/yoast-seo-wordpress\/ -->\n<title>KONFERENZR\u00c4UME - City Hotel Bydgoszcz - Startseite<\/title>\n<meta name=\"robots\" content=\"index, follow, max-snippet:-1, max-image-preview:large, max-video-preview:-1\" \/>\n<link rel=\"canonical\" href=\"https:\/\/www.city-hotel.pl\/de\/konferenzen\/konferenzraume\/\" \/>\n<meta property=\"og:locale\" content=\"de_DE\" \/>\n<meta property=\"og:type\" content=\"article\" \/>\n<meta property=\"og:title\" content=\"KONFERENZR\u00c4UME - City Hotel Bydgoszcz - Startseite\" \/>\n<meta property=\"og:description\" content=\"Das Konferenzzentrum im City Hotel in Bydgoszcz verf\u00fcgt \u00fcber R\u00e4ume, die den Anforderungen der Organisation von Schulungen, Konferenzen, Gesch\u00e4ftstreffen usw. entsprechen. Die R\u00e4ume befinden sich im Erdgeschoss und im ersten Stock. Das gut durchdachte System erm\u00f6glicht eine flexible Raumgestaltung. Dar\u00fcber hinaus befindet sich im vierten Stock ein kleiner gem\u00fctlicher Raum, der ideal f\u00fcr Bewerbungsgespr\u00e4che oder Gesch\u00e4ftstreffen im kleinen Kreis geeignet ist.\" \/>\n<meta property=\"og:url\" content=\"https:\/\/www.city-hotel.pl\/de\/konferenzen\/konferenzraume\/\" \/>\n<meta property=\"og:site_name\" content=\"City Hotel Bydgoszcz - Startseite\" \/>\n<meta property=\"article:modified_time\" content=\"2025-02-06T11:00:10+00:00\" \/>\n<meta name=\"twitter:card\" content=\"summary_large_image\" \/>\n<meta name=\"twitter:label1\" content=\"Gesch\u00e4tzte Lesezeit\" \/>\n\t<meta name=\"twitter:data1\" content=\"1\u00a0Minute\" \/>\n<script type=\"application\/ld+json\" class=\"yoast-schema-graph\">{\"@context\":\"https:\\\/\\\/schema.org\",\"@graph\":[{\"@type\":\"WebPage\",\"@id\":\"https:\\\/\\\/www.city-hotel.pl\\\/de\\\/konferenzen\\\/konferenzraume\\\/\",\"url\":\"https:\\\/\\\/www.city-hotel.pl\\\/de\\\/konferenzen\\\/konferenzraume\\\/\",\"name\":\"KONFERENZR\u00c4UME - City Hotel Bydgoszcz - Startseite\",\"isPartOf\":{\"@id\":\"https:\\\/\\\/www.city-hotel.pl\\\/de\\\/#website\"},\"datePublished\":\"2015-11-05T11:24:52+00:00\",\"dateModified\":\"2025-02-06T11:00:10+00:00\",\"breadcrumb\":{\"@id\":\"https:\\\/\\\/www.city-hotel.pl\\\/de\\\/konferenzen\\\/konferenzraume\\\/#breadcrumb\"},\"inLanguage\":\"de\",\"potentialAction\":[{\"@type\":\"ReadAction\",\"target\":[\"https:\\\/\\\/www.city-hotel.pl\\\/de\\\/konferenzen\\\/konferenzraume\\\/\"]}]},{\"@type\":\"BreadcrumbList\",\"@id\":\"https:\\\/\\\/www.city-hotel.pl\\\/de\\\/konferenzen\\\/konferenzraume\\\/#breadcrumb\",\"itemListElement\":[{\"@type\":\"ListItem\",\"position\":1,\"name\":\"Strona g\u0142\u00f3wna\",\"item\":\"https:\\\/\\\/www.city-hotel.pl\\\/de\\\/\"},{\"@type\":\"ListItem\",\"position\":2,\"name\":\"Konferenzen\",\"item\":\"https:\\\/\\\/www.city-hotel.pl\\\/de\\\/konferenzen\\\/\"},{\"@type\":\"ListItem\",\"position\":3,\"name\":\"KONFERENZR\u00c4UME\",\"item\":\"https:\\\/\\\/www.city-hotel.pl\\\/de\\\/wp-json\\\/wp\\\/v2\\\/pages\\\/658\"}]},{\"@type\":\"WebSite\",\"@id\":\"https:\\\/\\\/www.city-hotel.pl\\\/de\\\/#website\",\"url\":\"https:\\\/\\\/www.city-hotel.pl\\\/de\\\/\",\"name\":\"City Hotel Bydgoszcz - Startseite\",\"description\":\"\",\"potentialAction\":[{\"@type\":\"SearchAction\",\"target\":{\"@type\":\"EntryPoint\",\"urlTemplate\":\"https:\\\/\\\/www.city-hotel.pl\\\/de\\\/?s={search_term_string}\"},\"query-input\":{\"@type\":\"PropertyValueSpecification\",\"valueRequired\":true,\"valueName\":\"search_term_string\"}}],\"inLanguage\":\"de\"}]}<\/script>\n<!-- \/ Yoast SEO plugin. -->","yoast_head_json":{"title":"KONFERENZR\u00c4UME - City Hotel Bydgoszcz - Startseite","robots":{"index":"index","follow":"follow","max-snippet":"max-snippet:-1","max-image-preview":"max-image-preview:large","max-video-preview":"max-video-preview:-1"},"canonical":"https:\/\/www.city-hotel.pl\/de\/konferenzen\/konferenzraume\/","og_locale":"de_DE","og_type":"article","og_title":"KONFERENZR\u00c4UME - City Hotel Bydgoszcz - Startseite","og_description":"Das Konferenzzentrum im City Hotel in Bydgoszcz verf\u00fcgt \u00fcber R\u00e4ume, die den Anforderungen der Organisation von Schulungen, Konferenzen, Gesch\u00e4ftstreffen usw. entsprechen. Die R\u00e4ume befinden sich im Erdgeschoss und im ersten Stock. Das gut durchdachte System erm\u00f6glicht eine flexible Raumgestaltung. Dar\u00fcber hinaus befindet sich im vierten Stock ein kleiner gem\u00fctlicher Raum, der ideal f\u00fcr Bewerbungsgespr\u00e4che oder Gesch\u00e4ftstreffen im kleinen Kreis geeignet ist.","og_url":"https:\/\/www.city-hotel.pl\/de\/konferenzen\/konferenzraume\/","og_site_name":"City Hotel Bydgoszcz - Startseite","article_modified_time":"2025-02-06T11:00:10+00:00","twitter_card":"summary_large_image","twitter_misc":{"Gesch\u00e4tzte Lesezeit":"1\u00a0Minute"},"schema":{"@context":"https:\/\/schema.org","@graph":[{"@type":"WebPage","@id":"https:\/\/www.city-hotel.pl\/de\/konferenzen\/konferenzraume\/","url":"https:\/\/www.city-hotel.pl\/de\/konferenzen\/konferenzraume\/","name":"KONFERENZR\u00c4UME - City Hotel Bydgoszcz - Startseite","isPartOf":{"@id":"https:\/\/www.city-hotel.pl\/de\/#website"},"datePublished":"2015-11-05T11:24:52+00:00","dateModified":"2025-02-06T11:00:10+00:00","breadcrumb":{"@id":"https:\/\/www.city-hotel.pl\/de\/konferenzen\/konferenzraume\/#breadcrumb"},"inLanguage":"de","potentialAction":[{"@type":"ReadAction","target":["https:\/\/www.city-hotel.pl\/de\/konferenzen\/konferenzraume\/"]}]},{"@type":"BreadcrumbList","@id":"https:\/\/www.city-hotel.pl\/de\/konferenzen\/konferenzraume\/#breadcrumb","itemListElement":[{"@type":"ListItem","position":1,"name":"Strona g\u0142\u00f3wna","item":"https:\/\/www.city-hotel.pl\/de\/"},{"@type":"ListItem","position":2,"name":"Konferenzen","item":"https:\/\/www.city-hotel.pl\/de\/konferenzen\/"},{"@type":"ListItem","position":3,"name":"KONFERENZR\u00c4UME","item":"https:\/\/www.city-hotel.pl\/de\/wp-json\/wp\/v2\/pages\/658"}]},{"@type":"WebSite","@id":"https:\/\/www.city-hotel.pl\/de\/#website","url":"https:\/\/www.city-hotel.pl\/de\/","name":"City Hotel Bydgoszcz - Startseite","description":"","potentialAction":[{"@type":"SearchAction","target":{"@type":"EntryPoint","urlTemplate":"https:\/\/www.city-hotel.pl\/de\/?s={search_term_string}"},"query-input":{"@type":"PropertyValueSpecification","valueRequired":true,"valueName":"search_term_string"}}],"inLanguage":"de"}]}},"_links":{"self":[{"href":"https:\/\/www.city-hotel.pl\/de\/wp-json\/wp\/v2\/pages\/658","targetHints":{"allow":["GET"]}}],"collection":[{"href":"https:\/\/www.city-hotel.pl\/de\/wp-json\/wp\/v2\/pages"}],"about":[{"href":"https:\/\/www.city-hotel.pl\/de\/wp-json\/wp\/v2\/types\/page"}],"author":[{"embeddable":true,"href":"https:\/\/www.city-hotel.pl\/de\/wp-json\/wp\/v2\/users\/1"}],"replies":[{"embeddable":true,"href":"https:\/\/www.city-hotel.pl\/de\/wp-json\/wp\/v2\/comments?post=658"}],"version-history":[{"count":48,"href":"https:\/\/www.city-hotel.pl\/de\/wp-json\/wp\/v2\/pages\/658\/revisions"}],"predecessor-version":[{"id":4856,"href":"https:\/\/www.city-hotel.pl\/de\/wp-json\/wp\/v2\/pages\/658\/revisions\/4856"}],"up":[{"embeddable":true,"href":"https:\/\/www.city-hotel.pl\/de\/wp-json\/wp\/v2\/pages\/17"}],"wp:attachment":[{"href":"https:\/\/www.city-hotel.pl\/de\/wp-json\/wp\/v2\/media?parent=658"}],"curies":[{"name":"wp","href":"https:\/\/api.w.org\/{rel}","templated":true}]}}