{"id":66,"date":"2015-10-06T09:23:42","date_gmt":"2015-10-06T07:23:42","guid":{"rendered":"http:\/\/cityhotel.prodweb.pl\/de\/?page_id=66"},"modified":"2026-01-22T15:45:29","modified_gmt":"2026-01-22T14:45:29","slug":"restaurant-3v6","status":"publish","type":"page","link":"https:\/\/www.city-hotel.pl\/de\/gastronomie\/restaurant-3v6\/","title":{"rendered":"Restaurant 3V6"},"content":{"rendered":"","protected":false},"excerpt":{"rendered":"","protected":false},"author":1,"featured_media":0,"parent":45,"menu_order":0,"comment_status":"closed","ping_status":"closed","template":"template-restaurant.php","meta":{"_acf_changed":false,"footnotes":""},"class_list":["post-66","page","type-page","status-publish","hentry"],"acf":[],"yoast_head":"<!-- This site is optimized with the Yoast SEO plugin v27.3 - https:\/\/yoast.com\/product\/yoast-seo-wordpress\/ -->\n<title>Restaurant 3V6 im Zentrum von Bydgoszcz \u2013 City Hotel<\/title>\n<meta name=\"description\" content=\"Genie\u00dfen Sie polnische und internationale K\u00fcche im Hotelrestaurant 3V6 in Bydgoszcz. Ideal f\u00fcr Mittagessen, Abendessen oder Gesch\u00e4ftsessen.\" \/>\n<meta name=\"robots\" content=\"index, follow, max-snippet:-1, max-image-preview:large, max-video-preview:-1\" \/>\n<link rel=\"canonical\" href=\"https:\/\/www.city-hotel.pl\/de\/gastronomie\/restaurant-3v6\/\" \/>\n<meta property=\"og:locale\" content=\"de_DE\" \/>\n<meta property=\"og:type\" content=\"article\" \/>\n<meta property=\"og:title\" content=\"Restaurant 3V6 im Zentrum von Bydgoszcz \u2013 City Hotel\" \/>\n<meta property=\"og:description\" content=\"Genie\u00dfen Sie polnische und internationale K\u00fcche im Hotelrestaurant 3V6 in Bydgoszcz. Ideal f\u00fcr Mittagessen, Abendessen oder Gesch\u00e4ftsessen.\" \/>\n<meta property=\"og:url\" content=\"https:\/\/www.city-hotel.pl\/de\/gastronomie\/restaurant-3v6\/\" \/>\n<meta property=\"og:site_name\" content=\"City Hotel Bydgoszcz - Startseite\" \/>\n<meta property=\"article:modified_time\" content=\"2026-01-22T14:45:29+00:00\" \/>\n<meta name=\"twitter:card\" content=\"summary_large_image\" \/>\n<script type=\"application\/ld+json\" class=\"yoast-schema-graph\">{\"@context\":\"https:\\\/\\\/schema.org\",\"@graph\":[{\"@type\":\"WebPage\",\"@id\":\"https:\\\/\\\/www.city-hotel.pl\\\/de\\\/gastronomie\\\/restaurant-3v6\\\/\",\"url\":\"https:\\\/\\\/www.city-hotel.pl\\\/de\\\/gastronomie\\\/restaurant-3v6\\\/\",\"name\":\"Restaurant 3V6 im Zentrum von Bydgoszcz \u2013 City Hotel\",\"isPartOf\":{\"@id\":\"https:\\\/\\\/www.city-hotel.pl\\\/de\\\/#website\"},\"datePublished\":\"2015-10-06T07:23:42+00:00\",\"dateModified\":\"2026-01-22T14:45:29+00:00\",\"description\":\"Genie\u00dfen Sie polnische und internationale K\u00fcche im Hotelrestaurant 3V6 in Bydgoszcz. Ideal f\u00fcr Mittagessen, Abendessen oder Gesch\u00e4ftsessen.\",\"breadcrumb\":{\"@id\":\"https:\\\/\\\/www.city-hotel.pl\\\/de\\\/gastronomie\\\/restaurant-3v6\\\/#breadcrumb\"},\"inLanguage\":\"de\",\"potentialAction\":[{\"@type\":\"ReadAction\",\"target\":[\"https:\\\/\\\/www.city-hotel.pl\\\/de\\\/gastronomie\\\/restaurant-3v6\\\/\"]}]},{\"@type\":\"BreadcrumbList\",\"@id\":\"https:\\\/\\\/www.city-hotel.pl\\\/de\\\/gastronomie\\\/restaurant-3v6\\\/#breadcrumb\",\"itemListElement\":[{\"@type\":\"ListItem\",\"position\":1,\"name\":\"Strona g\u0142\u00f3wna\",\"item\":\"https:\\\/\\\/www.city-hotel.pl\\\/de\\\/\"},{\"@type\":\"ListItem\",\"position\":2,\"name\":\"Gastronomie\",\"item\":\"https:\\\/\\\/www.city-hotel.pl\\\/de\\\/gastronomie\\\/\"},{\"@type\":\"ListItem\",\"position\":3,\"name\":\"Restaurant 3V6\",\"item\":\"https:\\\/\\\/www.city-hotel.pl\\\/de\\\/wp-json\\\/wp\\\/v2\\\/pages\\\/66\"}]},{\"@type\":\"WebSite\",\"@id\":\"https:\\\/\\\/www.city-hotel.pl\\\/de\\\/#website\",\"url\":\"https:\\\/\\\/www.city-hotel.pl\\\/de\\\/\",\"name\":\"City Hotel Bydgoszcz - Startseite\",\"description\":\"\",\"potentialAction\":[{\"@type\":\"SearchAction\",\"target\":{\"@type\":\"EntryPoint\",\"urlTemplate\":\"https:\\\/\\\/www.city-hotel.pl\\\/de\\\/?s={search_term_string}\"},\"query-input\":{\"@type\":\"PropertyValueSpecification\",\"valueRequired\":true,\"valueName\":\"search_term_string\"}}],\"inLanguage\":\"de\"}]}<\/script>\n<!-- \/ Yoast SEO plugin. -->","yoast_head_json":{"title":"Restaurant 3V6 im Zentrum von Bydgoszcz \u2013 City Hotel","description":"Genie\u00dfen Sie polnische und internationale K\u00fcche im Hotelrestaurant 3V6 in Bydgoszcz. Ideal f\u00fcr Mittagessen, Abendessen oder Gesch\u00e4ftsessen.","robots":{"index":"index","follow":"follow","max-snippet":"max-snippet:-1","max-image-preview":"max-image-preview:large","max-video-preview":"max-video-preview:-1"},"canonical":"https:\/\/www.city-hotel.pl\/de\/gastronomie\/restaurant-3v6\/","og_locale":"de_DE","og_type":"article","og_title":"Restaurant 3V6 im Zentrum von Bydgoszcz \u2013 City Hotel","og_description":"Genie\u00dfen Sie polnische und internationale K\u00fcche im Hotelrestaurant 3V6 in Bydgoszcz. Ideal f\u00fcr Mittagessen, Abendessen oder Gesch\u00e4ftsessen.","og_url":"https:\/\/www.city-hotel.pl\/de\/gastronomie\/restaurant-3v6\/","og_site_name":"City Hotel Bydgoszcz - Startseite","article_modified_time":"2026-01-22T14:45:29+00:00","twitter_card":"summary_large_image","schema":{"@context":"https:\/\/schema.org","@graph":[{"@type":"WebPage","@id":"https:\/\/www.city-hotel.pl\/de\/gastronomie\/restaurant-3v6\/","url":"https:\/\/www.city-hotel.pl\/de\/gastronomie\/restaurant-3v6\/","name":"Restaurant 3V6 im Zentrum von Bydgoszcz \u2013 City Hotel","isPartOf":{"@id":"https:\/\/www.city-hotel.pl\/de\/#website"},"datePublished":"2015-10-06T07:23:42+00:00","dateModified":"2026-01-22T14:45:29+00:00","description":"Genie\u00dfen Sie polnische und internationale K\u00fcche im Hotelrestaurant 3V6 in Bydgoszcz. Ideal f\u00fcr Mittagessen, Abendessen oder Gesch\u00e4ftsessen.","breadcrumb":{"@id":"https:\/\/www.city-hotel.pl\/de\/gastronomie\/restaurant-3v6\/#breadcrumb"},"inLanguage":"de","potentialAction":[{"@type":"ReadAction","target":["https:\/\/www.city-hotel.pl\/de\/gastronomie\/restaurant-3v6\/"]}]},{"@type":"BreadcrumbList","@id":"https:\/\/www.city-hotel.pl\/de\/gastronomie\/restaurant-3v6\/#breadcrumb","itemListElement":[{"@type":"ListItem","position":1,"name":"Strona g\u0142\u00f3wna","item":"https:\/\/www.city-hotel.pl\/de\/"},{"@type":"ListItem","position":2,"name":"Gastronomie","item":"https:\/\/www.city-hotel.pl\/de\/gastronomie\/"},{"@type":"ListItem","position":3,"name":"Restaurant 3V6","item":"https:\/\/www.city-hotel.pl\/de\/wp-json\/wp\/v2\/pages\/66"}]},{"@type":"WebSite","@id":"https:\/\/www.city-hotel.pl\/de\/#website","url":"https:\/\/www.city-hotel.pl\/de\/","name":"City Hotel Bydgoszcz - Startseite","description":"","potentialAction":[{"@type":"SearchAction","target":{"@type":"EntryPoint","urlTemplate":"https:\/\/www.city-hotel.pl\/de\/?s={search_term_string}"},"query-input":{"@type":"PropertyValueSpecification","valueRequired":true,"valueName":"search_term_string"}}],"inLanguage":"de"}]}},"_links":{"self":[{"href":"https:\/\/www.city-hotel.pl\/de\/wp-json\/wp\/v2\/pages\/66","targetHints":{"allow":["GET"]}}],"collection":[{"href":"https:\/\/www.city-hotel.pl\/de\/wp-json\/wp\/v2\/pages"}],"about":[{"href":"https:\/\/www.city-hotel.pl\/de\/wp-json\/wp\/v2\/types\/page"}],"author":[{"embeddable":true,"href":"https:\/\/www.city-hotel.pl\/de\/wp-json\/wp\/v2\/users\/1"}],"replies":[{"embeddable":true,"href":"https:\/\/www.city-hotel.pl\/de\/wp-json\/wp\/v2\/comments?post=66"}],"version-history":[{"count":87,"href":"https:\/\/www.city-hotel.pl\/de\/wp-json\/wp\/v2\/pages\/66\/revisions"}],"predecessor-version":[{"id":5042,"href":"https:\/\/www.city-hotel.pl\/de\/wp-json\/wp\/v2\/pages\/66\/revisions\/5042"}],"up":[{"embeddable":true,"href":"https:\/\/www.city-hotel.pl\/de\/wp-json\/wp\/v2\/pages\/45"}],"wp:attachment":[{"href":"https:\/\/www.city-hotel.pl\/de\/wp-json\/wp\/v2\/media?parent=66"}],"curies":[{"name":"wp","href":"https:\/\/api.w.org\/{rel}","templated":true}]}}