{"id":878,"date":"2015-11-09T12:32:37","date_gmt":"2015-11-09T11:32:37","guid":{"rendered":"http:\/\/cityhotel.prodweb.pl\/de\/?page_id=878"},"modified":"2025-01-21T11:26:14","modified_gmt":"2025-01-21T10:26:14","slug":"downloads","status":"publish","type":"page","link":"https:\/\/www.city-hotel.pl\/de\/downloads\/","title":{"rendered":"Downloads"},"content":{"rendered":"<p style=\"text-align: justify\">Die Materialien, die heruntergeladen werden k\u00f6nnen, stehen im PDF-Format zur Verf\u00fcgung. Um sie \u00f6ffnen zu k\u00f6nnen, muss das Programm Adobe Reader installiert sein. Dieses kostenlose Programm, kann auf der Seite des Anbieters \u00fcber den folgenden Link heruntergeladen werden:<\/p>\n<div style=\"text-align: left\"><a href=\"https:\/\/get.adobe.com\/reader\" target=\"_blank\" rel=\"noopener noreferrer\">Adobe Reader herunterladen (ca. 40 MB)<\/a><\/div>\n<div><\/div>\n<div><\/div>\n<div><\/div>\n","protected":false},"excerpt":{"rendered":"<p style=\"text-align: justify\">Die Materialien, die heruntergeladen werden k\u00f6nnen, stehen im PDF-Format zur Verf\u00fcgung. Um sie \u00f6ffnen zu k\u00f6nnen, muss das Programm Adobe Reader installiert sein. Dieses kostenlose Programm, kann auf der Seite des Anbieters \u00fcber den folgenden Link heruntergeladen werden:<\/p>\n<p><a href=\"https:\/\/get.adobe.com\/reader\" target=\"_blank\" rel=\"noopener noreferrer\">Adobe Reader herunterladen (ca. 40 MB)<\/a><\/p>\n","protected":false},"author":1,"featured_media":0,"parent":0,"menu_order":0,"comment_status":"closed","ping_status":"closed","template":"template-hotel-downloads.php","meta":{"_acf_changed":false,"footnotes":""},"class_list":["post-878","page","type-page","status-publish","hentry"],"acf":[],"yoast_head":"<!-- This site is optimized with the Yoast SEO plugin v27.3 - https:\/\/yoast.com\/product\/yoast-seo-wordpress\/ -->\n<title>Downloads - City Hotel Bydgoszcz - Startseite<\/title>\n<meta name=\"robots\" content=\"noindex, follow\" \/>\n<meta property=\"og:locale\" content=\"de_DE\" \/>\n<meta property=\"og:type\" content=\"article\" \/>\n<meta property=\"og:title\" content=\"Downloads - City Hotel Bydgoszcz - Startseite\" \/>\n<meta property=\"og:description\" content=\"Die Materialien, die heruntergeladen werden k\u00f6nnen, stehen im PDF-Format zur Verf\u00fcgung. Um sie \u00f6ffnen zu k\u00f6nnen, muss das Programm Adobe Reader installiert sein. Dieses kostenlose Programm, kann auf der Seite des Anbieters \u00fcber den folgenden Link heruntergeladen werden: Adobe Reader herunterladen (ca. 40 MB)\" \/>\n<meta property=\"og:url\" content=\"https:\/\/www.city-hotel.pl\/de\/downloads\/\" \/>\n<meta property=\"og:site_name\" content=\"City Hotel Bydgoszcz - Startseite\" \/>\n<meta property=\"article:modified_time\" content=\"2025-01-21T10:26:14+00:00\" \/>\n<meta name=\"twitter:card\" content=\"summary_large_image\" \/>\n<meta name=\"twitter:label1\" content=\"Gesch\u00e4tzte Lesezeit\" \/>\n\t<meta name=\"twitter:data1\" content=\"1\u00a0Minute\" \/>\n<script type=\"application\/ld+json\" class=\"yoast-schema-graph\">{\"@context\":\"https:\\\/\\\/schema.org\",\"@graph\":[{\"@type\":\"WebPage\",\"@id\":\"https:\\\/\\\/www.city-hotel.pl\\\/de\\\/downloads\\\/\",\"url\":\"https:\\\/\\\/www.city-hotel.pl\\\/de\\\/downloads\\\/\",\"name\":\"Downloads - City Hotel Bydgoszcz - Startseite\",\"isPartOf\":{\"@id\":\"https:\\\/\\\/www.city-hotel.pl\\\/de\\\/#website\"},\"datePublished\":\"2015-11-09T11:32:37+00:00\",\"dateModified\":\"2025-01-21T10:26:14+00:00\",\"breadcrumb\":{\"@id\":\"https:\\\/\\\/www.city-hotel.pl\\\/de\\\/downloads\\\/#breadcrumb\"},\"inLanguage\":\"de\",\"potentialAction\":[{\"@type\":\"ReadAction\",\"target\":[\"https:\\\/\\\/www.city-hotel.pl\\\/de\\\/downloads\\\/\"]}]},{\"@type\":\"BreadcrumbList\",\"@id\":\"https:\\\/\\\/www.city-hotel.pl\\\/de\\\/downloads\\\/#breadcrumb\",\"itemListElement\":[{\"@type\":\"ListItem\",\"position\":1,\"name\":\"Strona g\u0142\u00f3wna\",\"item\":\"https:\\\/\\\/www.city-hotel.pl\\\/de\\\/\"},{\"@type\":\"ListItem\",\"position\":2,\"name\":\"Downloads\",\"item\":\"https:\\\/\\\/www.city-hotel.pl\\\/de\\\/wp-json\\\/wp\\\/v2\\\/pages\\\/878\"}]},{\"@type\":\"WebSite\",\"@id\":\"https:\\\/\\\/www.city-hotel.pl\\\/de\\\/#website\",\"url\":\"https:\\\/\\\/www.city-hotel.pl\\\/de\\\/\",\"name\":\"City Hotel Bydgoszcz - Startseite\",\"description\":\"\",\"potentialAction\":[{\"@type\":\"SearchAction\",\"target\":{\"@type\":\"EntryPoint\",\"urlTemplate\":\"https:\\\/\\\/www.city-hotel.pl\\\/de\\\/?s={search_term_string}\"},\"query-input\":{\"@type\":\"PropertyValueSpecification\",\"valueRequired\":true,\"valueName\":\"search_term_string\"}}],\"inLanguage\":\"de\"}]}<\/script>\n<!-- \/ Yoast SEO plugin. -->","yoast_head_json":{"title":"Downloads - City Hotel Bydgoszcz - Startseite","robots":{"index":"noindex","follow":"follow"},"og_locale":"de_DE","og_type":"article","og_title":"Downloads - City Hotel Bydgoszcz - Startseite","og_description":"Die Materialien, die heruntergeladen werden k\u00f6nnen, stehen im PDF-Format zur Verf\u00fcgung. Um sie \u00f6ffnen zu k\u00f6nnen, muss das Programm Adobe Reader installiert sein. Dieses kostenlose Programm, kann auf der Seite des Anbieters \u00fcber den folgenden Link heruntergeladen werden: Adobe Reader herunterladen (ca. 40 MB)","og_url":"https:\/\/www.city-hotel.pl\/de\/downloads\/","og_site_name":"City Hotel Bydgoszcz - Startseite","article_modified_time":"2025-01-21T10:26:14+00:00","twitter_card":"summary_large_image","twitter_misc":{"Gesch\u00e4tzte Lesezeit":"1\u00a0Minute"},"schema":{"@context":"https:\/\/schema.org","@graph":[{"@type":"WebPage","@id":"https:\/\/www.city-hotel.pl\/de\/downloads\/","url":"https:\/\/www.city-hotel.pl\/de\/downloads\/","name":"Downloads - City Hotel Bydgoszcz - Startseite","isPartOf":{"@id":"https:\/\/www.city-hotel.pl\/de\/#website"},"datePublished":"2015-11-09T11:32:37+00:00","dateModified":"2025-01-21T10:26:14+00:00","breadcrumb":{"@id":"https:\/\/www.city-hotel.pl\/de\/downloads\/#breadcrumb"},"inLanguage":"de","potentialAction":[{"@type":"ReadAction","target":["https:\/\/www.city-hotel.pl\/de\/downloads\/"]}]},{"@type":"BreadcrumbList","@id":"https:\/\/www.city-hotel.pl\/de\/downloads\/#breadcrumb","itemListElement":[{"@type":"ListItem","position":1,"name":"Strona g\u0142\u00f3wna","item":"https:\/\/www.city-hotel.pl\/de\/"},{"@type":"ListItem","position":2,"name":"Downloads","item":"https:\/\/www.city-hotel.pl\/de\/wp-json\/wp\/v2\/pages\/878"}]},{"@type":"WebSite","@id":"https:\/\/www.city-hotel.pl\/de\/#website","url":"https:\/\/www.city-hotel.pl\/de\/","name":"City Hotel Bydgoszcz - Startseite","description":"","potentialAction":[{"@type":"SearchAction","target":{"@type":"EntryPoint","urlTemplate":"https:\/\/www.city-hotel.pl\/de\/?s={search_term_string}"},"query-input":{"@type":"PropertyValueSpecification","valueRequired":true,"valueName":"search_term_string"}}],"inLanguage":"de"}]}},"_links":{"self":[{"href":"https:\/\/www.city-hotel.pl\/de\/wp-json\/wp\/v2\/pages\/878","targetHints":{"allow":["GET"]}}],"collection":[{"href":"https:\/\/www.city-hotel.pl\/de\/wp-json\/wp\/v2\/pages"}],"about":[{"href":"https:\/\/www.city-hotel.pl\/de\/wp-json\/wp\/v2\/types\/page"}],"author":[{"embeddable":true,"href":"https:\/\/www.city-hotel.pl\/de\/wp-json\/wp\/v2\/users\/1"}],"replies":[{"embeddable":true,"href":"https:\/\/www.city-hotel.pl\/de\/wp-json\/wp\/v2\/comments?post=878"}],"version-history":[{"count":60,"href":"https:\/\/www.city-hotel.pl\/de\/wp-json\/wp\/v2\/pages\/878\/revisions"}],"predecessor-version":[{"id":4855,"href":"https:\/\/www.city-hotel.pl\/de\/wp-json\/wp\/v2\/pages\/878\/revisions\/4855"}],"wp:attachment":[{"href":"https:\/\/www.city-hotel.pl\/de\/wp-json\/wp\/v2\/media?parent=878"}],"curies":[{"name":"wp","href":"https:\/\/api.w.org\/{rel}","templated":true}]}}