{"id":893,"date":"2015-11-09T12:40:33","date_gmt":"2015-11-09T11:40:33","guid":{"rendered":"http:\/\/cityhotel.prodweb.pl\/de\/?page_id=893"},"modified":"2025-12-31T12:35:43","modified_gmt":"2025-12-31T11:35:43","slug":"parking","status":"publish","type":"page","link":"https:\/\/www.city-hotel.pl\/de\/hotel\/parking\/","title":{"rendered":"Parkhaus"},"content":{"rendered":"<p style=\"text-align: justify\"><strong>Das City Hotel Parkhaus liegt im Zentrum von Bydgoszcz, ul. Jagiello\u0144skiej 23\u00a0 (hinter dem Hotel)<\/strong>. Die hervorragende Lage erm\u00f6glicht es, das Auto sicher abzustellen und in wenigen Minuten zu Fu\u00df die Altstadt zu erreichen.<\/p>\n<p style=\"text-align: justify\"><strong>Das Parkhaus ist 24 h ge\u00f6ffnet, auch an Sonn- und Feiertagen.<\/strong> Auf 3 Ebenen befinden sich 260 Parkpl\u00e4tze f\u00fcr PKWs. Das Parkhaus kann von jedermann genutzt werden.Das Parkhaus wird \u00fcberwacht, es wird jedoch jede Haftung ausgeschlossen.<\/p>\n<p>Dar\u00fcber hinaus verf\u00fcgt das Hotel \u00fcber eingez\u00e4unte, geb\u00fchrenpflichtige Parkpl\u00e4tze\u00a0 f\u00fcr Busse.<\/p>\n","protected":false},"excerpt":{"rendered":"<p style=\"text-align: justify\">Das City Hotel Parkhaus liegt im Zentrum von Bydgoszcz, ul. Jagiello\u0144skiej 23\u00a0 (hinter dem Hotel). Die hervorragende Lage erm\u00f6glicht es, das Auto sicher abzustellen und in wenigen Minuten zu Fu\u00df die Altstadt zu erreichen.<\/p>\n<p style=\"text-align: justify\">Das Parkhaus ist 24 h ge\u00f6ffnet, auch an Sonn- und Feiertagen. Auf 3 Ebenen befinden sich 260 Parkpl\u00e4tze f\u00fcr PKWs.<\/p>\n","protected":false},"author":1,"featured_media":0,"parent":11,"menu_order":0,"comment_status":"closed","ping_status":"closed","template":"template-hotel-parking.php","meta":{"_acf_changed":false,"footnotes":""},"class_list":["post-893","page","type-page","status-publish","hentry"],"acf":[],"yoast_head":"<!-- This site is optimized with the Yoast SEO plugin v27.3 - https:\/\/yoast.com\/product\/yoast-seo-wordpress\/ -->\n<title>Parkhaus - City Hotel Bydgoszcz - Startseite<\/title>\n<meta name=\"robots\" content=\"index, follow, max-snippet:-1, max-image-preview:large, max-video-preview:-1\" \/>\n<link rel=\"canonical\" href=\"https:\/\/www.city-hotel.pl\/de\/hotel\/parking\/\" \/>\n<meta property=\"og:locale\" content=\"de_DE\" \/>\n<meta property=\"og:type\" content=\"article\" \/>\n<meta property=\"og:title\" content=\"Parkhaus - City Hotel Bydgoszcz - Startseite\" \/>\n<meta property=\"og:description\" content=\"Das City Hotel Parkhaus liegt im Zentrum von Bydgoszcz, ul. Jagiello\u0144skiej 23\u00a0 (hinter dem Hotel). Die hervorragende Lage erm\u00f6glicht es, das Auto sicher abzustellen und in wenigen Minuten zu Fu\u00df die Altstadt zu erreichen. Das Parkhaus ist 24 h ge\u00f6ffnet, auch an Sonn- und Feiertagen. Auf 3 Ebenen befinden sich 260 Parkpl\u00e4tze f\u00fcr PKWs.\" \/>\n<meta property=\"og:url\" content=\"https:\/\/www.city-hotel.pl\/de\/hotel\/parking\/\" \/>\n<meta property=\"og:site_name\" content=\"City Hotel Bydgoszcz - Startseite\" \/>\n<meta property=\"article:modified_time\" content=\"2025-12-31T11:35:43+00:00\" \/>\n<meta name=\"twitter:card\" content=\"summary_large_image\" \/>\n<meta name=\"twitter:label1\" content=\"Gesch\u00e4tzte Lesezeit\" \/>\n\t<meta name=\"twitter:data1\" content=\"1\u00a0Minute\" \/>\n<script type=\"application\/ld+json\" class=\"yoast-schema-graph\">{\"@context\":\"https:\\\/\\\/schema.org\",\"@graph\":[{\"@type\":\"WebPage\",\"@id\":\"https:\\\/\\\/www.city-hotel.pl\\\/de\\\/hotel\\\/parking\\\/\",\"url\":\"https:\\\/\\\/www.city-hotel.pl\\\/de\\\/hotel\\\/parking\\\/\",\"name\":\"Parkhaus - City Hotel Bydgoszcz - Startseite\",\"isPartOf\":{\"@id\":\"https:\\\/\\\/www.city-hotel.pl\\\/de\\\/#website\"},\"datePublished\":\"2015-11-09T11:40:33+00:00\",\"dateModified\":\"2025-12-31T11:35:43+00:00\",\"breadcrumb\":{\"@id\":\"https:\\\/\\\/www.city-hotel.pl\\\/de\\\/hotel\\\/parking\\\/#breadcrumb\"},\"inLanguage\":\"de\",\"potentialAction\":[{\"@type\":\"ReadAction\",\"target\":[\"https:\\\/\\\/www.city-hotel.pl\\\/de\\\/hotel\\\/parking\\\/\"]}]},{\"@type\":\"BreadcrumbList\",\"@id\":\"https:\\\/\\\/www.city-hotel.pl\\\/de\\\/hotel\\\/parking\\\/#breadcrumb\",\"itemListElement\":[{\"@type\":\"ListItem\",\"position\":1,\"name\":\"Strona g\u0142\u00f3wna\",\"item\":\"https:\\\/\\\/www.city-hotel.pl\\\/de\\\/\"},{\"@type\":\"ListItem\",\"position\":2,\"name\":\"Hotel\",\"item\":\"https:\\\/\\\/www.city-hotel.pl\\\/de\\\/hotel\\\/\"},{\"@type\":\"ListItem\",\"position\":3,\"name\":\"Parkhaus\",\"item\":\"https:\\\/\\\/www.city-hotel.pl\\\/de\\\/wp-json\\\/wp\\\/v2\\\/pages\\\/893\"}]},{\"@type\":\"WebSite\",\"@id\":\"https:\\\/\\\/www.city-hotel.pl\\\/de\\\/#website\",\"url\":\"https:\\\/\\\/www.city-hotel.pl\\\/de\\\/\",\"name\":\"City Hotel Bydgoszcz - Startseite\",\"description\":\"\",\"potentialAction\":[{\"@type\":\"SearchAction\",\"target\":{\"@type\":\"EntryPoint\",\"urlTemplate\":\"https:\\\/\\\/www.city-hotel.pl\\\/de\\\/?s={search_term_string}\"},\"query-input\":{\"@type\":\"PropertyValueSpecification\",\"valueRequired\":true,\"valueName\":\"search_term_string\"}}],\"inLanguage\":\"de\"}]}<\/script>\n<!-- \/ Yoast SEO plugin. -->","yoast_head_json":{"title":"Parkhaus - City Hotel Bydgoszcz - Startseite","robots":{"index":"index","follow":"follow","max-snippet":"max-snippet:-1","max-image-preview":"max-image-preview:large","max-video-preview":"max-video-preview:-1"},"canonical":"https:\/\/www.city-hotel.pl\/de\/hotel\/parking\/","og_locale":"de_DE","og_type":"article","og_title":"Parkhaus - City Hotel Bydgoszcz - Startseite","og_description":"Das City Hotel Parkhaus liegt im Zentrum von Bydgoszcz, ul. Jagiello\u0144skiej 23\u00a0 (hinter dem Hotel). Die hervorragende Lage erm\u00f6glicht es, das Auto sicher abzustellen und in wenigen Minuten zu Fu\u00df die Altstadt zu erreichen. Das Parkhaus ist 24 h ge\u00f6ffnet, auch an Sonn- und Feiertagen. Auf 3 Ebenen befinden sich 260 Parkpl\u00e4tze f\u00fcr PKWs.","og_url":"https:\/\/www.city-hotel.pl\/de\/hotel\/parking\/","og_site_name":"City Hotel Bydgoszcz - Startseite","article_modified_time":"2025-12-31T11:35:43+00:00","twitter_card":"summary_large_image","twitter_misc":{"Gesch\u00e4tzte Lesezeit":"1\u00a0Minute"},"schema":{"@context":"https:\/\/schema.org","@graph":[{"@type":"WebPage","@id":"https:\/\/www.city-hotel.pl\/de\/hotel\/parking\/","url":"https:\/\/www.city-hotel.pl\/de\/hotel\/parking\/","name":"Parkhaus - City Hotel Bydgoszcz - Startseite","isPartOf":{"@id":"https:\/\/www.city-hotel.pl\/de\/#website"},"datePublished":"2015-11-09T11:40:33+00:00","dateModified":"2025-12-31T11:35:43+00:00","breadcrumb":{"@id":"https:\/\/www.city-hotel.pl\/de\/hotel\/parking\/#breadcrumb"},"inLanguage":"de","potentialAction":[{"@type":"ReadAction","target":["https:\/\/www.city-hotel.pl\/de\/hotel\/parking\/"]}]},{"@type":"BreadcrumbList","@id":"https:\/\/www.city-hotel.pl\/de\/hotel\/parking\/#breadcrumb","itemListElement":[{"@type":"ListItem","position":1,"name":"Strona g\u0142\u00f3wna","item":"https:\/\/www.city-hotel.pl\/de\/"},{"@type":"ListItem","position":2,"name":"Hotel","item":"https:\/\/www.city-hotel.pl\/de\/hotel\/"},{"@type":"ListItem","position":3,"name":"Parkhaus","item":"https:\/\/www.city-hotel.pl\/de\/wp-json\/wp\/v2\/pages\/893"}]},{"@type":"WebSite","@id":"https:\/\/www.city-hotel.pl\/de\/#website","url":"https:\/\/www.city-hotel.pl\/de\/","name":"City Hotel Bydgoszcz - Startseite","description":"","potentialAction":[{"@type":"SearchAction","target":{"@type":"EntryPoint","urlTemplate":"https:\/\/www.city-hotel.pl\/de\/?s={search_term_string}"},"query-input":{"@type":"PropertyValueSpecification","valueRequired":true,"valueName":"search_term_string"}}],"inLanguage":"de"}]}},"_links":{"self":[{"href":"https:\/\/www.city-hotel.pl\/de\/wp-json\/wp\/v2\/pages\/893","targetHints":{"allow":["GET"]}}],"collection":[{"href":"https:\/\/www.city-hotel.pl\/de\/wp-json\/wp\/v2\/pages"}],"about":[{"href":"https:\/\/www.city-hotel.pl\/de\/wp-json\/wp\/v2\/types\/page"}],"author":[{"embeddable":true,"href":"https:\/\/www.city-hotel.pl\/de\/wp-json\/wp\/v2\/users\/1"}],"replies":[{"embeddable":true,"href":"https:\/\/www.city-hotel.pl\/de\/wp-json\/wp\/v2\/comments?post=893"}],"version-history":[{"count":42,"href":"https:\/\/www.city-hotel.pl\/de\/wp-json\/wp\/v2\/pages\/893\/revisions"}],"predecessor-version":[{"id":5025,"href":"https:\/\/www.city-hotel.pl\/de\/wp-json\/wp\/v2\/pages\/893\/revisions\/5025"}],"up":[{"embeddable":true,"href":"https:\/\/www.city-hotel.pl\/de\/wp-json\/wp\/v2\/pages\/11"}],"wp:attachment":[{"href":"https:\/\/www.city-hotel.pl\/de\/wp-json\/wp\/v2\/media?parent=893"}],"curies":[{"name":"wp","href":"https:\/\/api.w.org\/{rel}","templated":true}]}}