{"id":893,"date":"2015-11-09T12:40:33","date_gmt":"2015-11-09T11:40:33","guid":{"rendered":"http:\/\/cityhotel.prodweb.pl\/en\/?page_id=893"},"modified":"2025-12-31T12:34:56","modified_gmt":"2025-12-31T11:34:56","slug":"parking","status":"publish","type":"page","link":"https:\/\/www.city-hotel.pl\/en\/hotel\/parking\/","title":{"rendered":"City Hotel Parking"},"content":{"rendered":"<p style=\"text-align: left\"><strong>The building of the multi-storey parking lot is located in the centre of Bydgoszcz, at ul. Jagiello\u0144ska 23 (behind the hotel building).<\/strong> This convenient location allows guests to leave their car safe with us and reach the Old Town on foot in just a few minutes.<\/p>\n<p style=\"text-align: left\">The parking lot is open 24\/7, including Sundays and holidays. It offers 260 spaces for passenger cars on 3 storeys. The parking lot is publically available.<br \/>\n<strong>Additionally, the hotel has a fenced, paid parking lot spaces for buses.<\/strong><\/p>\n<p style=\"text-align: left\">The multi-storey parking lot is monitored, but unguarded.<\/p>\n<p style=\"text-align: left\">Parking lot entrance:<\/p>\n<p style=\"text-align: left\">&#8211; ul. Jagiello\u0144ska (next to Pa\u0142ac M\u0142odzie\u017cy)<br \/>\n&#8211; ul. 3 Maja 6 (next to the City Hotel).<\/p>\n<p style=\"text-align: left\"><strong>Automatic parking lot<\/strong> is equipped with a registration identification system through a camera located at the gate barrier. Before entering, the camera registers and reads the vehicle number. The exit barrier opens after paying the parking fee at the ticket machine in the parking lot or at the hotel reception.<\/p>\n","protected":false},"excerpt":{"rendered":"<p style=\"text-align: left\">The building of the multi-storey parking lot is located in the centre of Bydgoszcz, at ul. Jagiello\u0144ska 23 (behind the hotel building). This convenient location allows guests to leave their car safe with us and reach the Old Town on foot in just a few minutes.<\/p>\n<p style=\"text-align: left\">The parking lot is open 24\/7, including Sundays and holidays.<\/p>\n","protected":false},"author":1,"featured_media":0,"parent":11,"menu_order":0,"comment_status":"closed","ping_status":"closed","template":"template-hotel-parking.php","meta":{"_acf_changed":false,"footnotes":""},"class_list":["post-893","page","type-page","status-publish","hentry"],"acf":[],"yoast_head":"<!-- This site is optimized with the Yoast SEO plugin v27.5 - https:\/\/yoast.com\/product\/yoast-seo-wordpress\/ -->\n<title>City Hotel Parking - City Hotel Bydgoszcz - Main<\/title>\n<meta name=\"robots\" content=\"index, follow, max-snippet:-1, max-image-preview:large, max-video-preview:-1\" \/>\n<link rel=\"canonical\" href=\"https:\/\/www.city-hotel.pl\/en\/hotel\/parking\/\" \/>\n<meta property=\"og:locale\" content=\"en_US\" \/>\n<meta property=\"og:type\" content=\"article\" \/>\n<meta property=\"og:title\" content=\"City Hotel Parking - City Hotel Bydgoszcz - Main\" \/>\n<meta property=\"og:description\" content=\"The building of the multi-storey parking lot is located in the centre of Bydgoszcz, at ul. Jagiello\u0144ska 23 (behind the hotel building). This convenient location allows guests to leave their car safe with us and reach the Old Town on foot in just a few minutes. The parking lot is open 24\/7, including Sundays and holidays.\" \/>\n<meta property=\"og:url\" content=\"https:\/\/www.city-hotel.pl\/en\/hotel\/parking\/\" \/>\n<meta property=\"og:site_name\" content=\"City Hotel Bydgoszcz - Main\" \/>\n<meta property=\"article:modified_time\" content=\"2025-12-31T11:34:56+00:00\" \/>\n<meta name=\"twitter:card\" content=\"summary_large_image\" \/>\n<meta name=\"twitter:label1\" content=\"Est. reading time\" \/>\n\t<meta name=\"twitter:data1\" content=\"1 minute\" \/>\n<script type=\"application\/ld+json\" class=\"yoast-schema-graph\">{\"@context\":\"https:\\\/\\\/schema.org\",\"@graph\":[{\"@type\":\"WebPage\",\"@id\":\"https:\\\/\\\/www.city-hotel.pl\\\/en\\\/hotel\\\/parking\\\/\",\"url\":\"https:\\\/\\\/www.city-hotel.pl\\\/en\\\/hotel\\\/parking\\\/\",\"name\":\"City Hotel Parking - City Hotel Bydgoszcz - Main\",\"isPartOf\":{\"@id\":\"https:\\\/\\\/www.city-hotel.pl\\\/en\\\/#website\"},\"datePublished\":\"2015-11-09T11:40:33+00:00\",\"dateModified\":\"2025-12-31T11:34:56+00:00\",\"breadcrumb\":{\"@id\":\"https:\\\/\\\/www.city-hotel.pl\\\/en\\\/hotel\\\/parking\\\/#breadcrumb\"},\"inLanguage\":\"en-US\",\"potentialAction\":[{\"@type\":\"ReadAction\",\"target\":[\"https:\\\/\\\/www.city-hotel.pl\\\/en\\\/hotel\\\/parking\\\/\"]}]},{\"@type\":\"BreadcrumbList\",\"@id\":\"https:\\\/\\\/www.city-hotel.pl\\\/en\\\/hotel\\\/parking\\\/#breadcrumb\",\"itemListElement\":[{\"@type\":\"ListItem\",\"position\":1,\"name\":\"Strona g\u0142\u00f3wna\",\"item\":\"https:\\\/\\\/www.city-hotel.pl\\\/en\\\/\"},{\"@type\":\"ListItem\",\"position\":2,\"name\":\"Hotel\",\"item\":\"https:\\\/\\\/www.city-hotel.pl\\\/en\\\/hotel\\\/\"},{\"@type\":\"ListItem\",\"position\":3,\"name\":\"City Hotel Parking\",\"item\":\"https:\\\/\\\/www.city-hotel.pl\\\/en\\\/wp-json\\\/wp\\\/v2\\\/pages\\\/893\"}]},{\"@type\":\"WebSite\",\"@id\":\"https:\\\/\\\/www.city-hotel.pl\\\/en\\\/#website\",\"url\":\"https:\\\/\\\/www.city-hotel.pl\\\/en\\\/\",\"name\":\"City Hotel Bydgoszcz - Main\",\"description\":\"\",\"potentialAction\":[{\"@type\":\"SearchAction\",\"target\":{\"@type\":\"EntryPoint\",\"urlTemplate\":\"https:\\\/\\\/www.city-hotel.pl\\\/en\\\/?s={search_term_string}\"},\"query-input\":{\"@type\":\"PropertyValueSpecification\",\"valueRequired\":true,\"valueName\":\"search_term_string\"}}],\"inLanguage\":\"en-US\"}]}<\/script>\n<!-- \/ Yoast SEO plugin. -->","yoast_head_json":{"title":"City Hotel Parking - City Hotel Bydgoszcz - Main","robots":{"index":"index","follow":"follow","max-snippet":"max-snippet:-1","max-image-preview":"max-image-preview:large","max-video-preview":"max-video-preview:-1"},"canonical":"https:\/\/www.city-hotel.pl\/en\/hotel\/parking\/","og_locale":"en_US","og_type":"article","og_title":"City Hotel Parking - City Hotel Bydgoszcz - Main","og_description":"The building of the multi-storey parking lot is located in the centre of Bydgoszcz, at ul. Jagiello\u0144ska 23 (behind the hotel building). This convenient location allows guests to leave their car safe with us and reach the Old Town on foot in just a few minutes. The parking lot is open 24\/7, including Sundays and holidays.","og_url":"https:\/\/www.city-hotel.pl\/en\/hotel\/parking\/","og_site_name":"City Hotel Bydgoszcz - Main","article_modified_time":"2025-12-31T11:34:56+00:00","twitter_card":"summary_large_image","twitter_misc":{"Est. reading time":"1 minute"},"schema":{"@context":"https:\/\/schema.org","@graph":[{"@type":"WebPage","@id":"https:\/\/www.city-hotel.pl\/en\/hotel\/parking\/","url":"https:\/\/www.city-hotel.pl\/en\/hotel\/parking\/","name":"City Hotel Parking - City Hotel Bydgoszcz - Main","isPartOf":{"@id":"https:\/\/www.city-hotel.pl\/en\/#website"},"datePublished":"2015-11-09T11:40:33+00:00","dateModified":"2025-12-31T11:34:56+00:00","breadcrumb":{"@id":"https:\/\/www.city-hotel.pl\/en\/hotel\/parking\/#breadcrumb"},"inLanguage":"en-US","potentialAction":[{"@type":"ReadAction","target":["https:\/\/www.city-hotel.pl\/en\/hotel\/parking\/"]}]},{"@type":"BreadcrumbList","@id":"https:\/\/www.city-hotel.pl\/en\/hotel\/parking\/#breadcrumb","itemListElement":[{"@type":"ListItem","position":1,"name":"Strona g\u0142\u00f3wna","item":"https:\/\/www.city-hotel.pl\/en\/"},{"@type":"ListItem","position":2,"name":"Hotel","item":"https:\/\/www.city-hotel.pl\/en\/hotel\/"},{"@type":"ListItem","position":3,"name":"City Hotel Parking","item":"https:\/\/www.city-hotel.pl\/en\/wp-json\/wp\/v2\/pages\/893"}]},{"@type":"WebSite","@id":"https:\/\/www.city-hotel.pl\/en\/#website","url":"https:\/\/www.city-hotel.pl\/en\/","name":"City Hotel Bydgoszcz - Main","description":"","potentialAction":[{"@type":"SearchAction","target":{"@type":"EntryPoint","urlTemplate":"https:\/\/www.city-hotel.pl\/en\/?s={search_term_string}"},"query-input":{"@type":"PropertyValueSpecification","valueRequired":true,"valueName":"search_term_string"}}],"inLanguage":"en-US"}]}},"_links":{"self":[{"href":"https:\/\/www.city-hotel.pl\/en\/wp-json\/wp\/v2\/pages\/893","targetHints":{"allow":["GET"]}}],"collection":[{"href":"https:\/\/www.city-hotel.pl\/en\/wp-json\/wp\/v2\/pages"}],"about":[{"href":"https:\/\/www.city-hotel.pl\/en\/wp-json\/wp\/v2\/types\/page"}],"author":[{"embeddable":true,"href":"https:\/\/www.city-hotel.pl\/en\/wp-json\/wp\/v2\/users\/1"}],"replies":[{"embeddable":true,"href":"https:\/\/www.city-hotel.pl\/en\/wp-json\/wp\/v2\/comments?post=893"}],"version-history":[{"count":48,"href":"https:\/\/www.city-hotel.pl\/en\/wp-json\/wp\/v2\/pages\/893\/revisions"}],"predecessor-version":[{"id":5165,"href":"https:\/\/www.city-hotel.pl\/en\/wp-json\/wp\/v2\/pages\/893\/revisions\/5165"}],"up":[{"embeddable":true,"href":"https:\/\/www.city-hotel.pl\/en\/wp-json\/wp\/v2\/pages\/11"}],"wp:attachment":[{"href":"https:\/\/www.city-hotel.pl\/en\/wp-json\/wp\/v2\/media?parent=893"}],"curies":[{"name":"wp","href":"https:\/\/api.w.org\/{rel}","templated":true}]}}